{"id":377,"date":"2017-06-19T07:04:23","date_gmt":"2017-06-19T07:04:23","guid":{"rendered":"http:\/\/legisport.com\/?page_id=377"},"modified":"2018-10-13T13:22:51","modified_gmt":"2018-10-13T13:22:51","slug":"mentions-legales","status":"publish","type":"page","link":"https:\/\/legisport.com\/index.php\/mentions-legales\/","title":{"rendered":"Mentions l\u00e9gales\/protection des donn\u00e9es"},"content":{"rendered":"<p>Le portail <a href=\"http:\/\/www.legisport.com\/\">www.legisport.com<\/a> est la propri\u00e9t\u00e9 de LEGISPORT, et dont le si\u00e8ge social est situ\u00e9 : 8 Rue d\u2019Arcole, 13006 Marseille. Le portail <a href=\"http:\/\/www.legisport.com\/\">www.legisport.com<\/a> est h\u00e9berg\u00e9 sur les mat\u00e9riels informatiques de la soci\u00e9t\u00e9 SAS OVH dont le si\u00e8ge social est situ\u00e9 : 2 rue Kellermann BP 80157 59100 Roubaix.<\/p>\n<p><em><strong>Conditions g\u00e9n\u00e9rales d\u2019utilisation.<\/strong><\/em><\/p>\n<p>L\u2019utilisateur reconna\u00eet avoir pris connaissance des pr\u00e9sentes conditions g\u00e9n\u00e9rales d\u2019utilisation et s\u2019engage \u00e0 les respecter.<\/p>\n<p>LEGISPORT se r\u00e9serve le droit de modifier la pr\u00e9sente notice \u00e0 tout moment. L\u2019utilisateur s\u2019engage donc \u00e0 la consulter r\u00e9guli\u00e8rement. Les informations fournies sur le pr\u00e9sent portail le sont \u00e0 titre informatif et indicatif. LEGISPORT ne saurait garantir l\u2019exactitude, la compl\u00e9tude, l\u2019actualit\u00e9 des informations diffus\u00e9es sur le site. Elles ne sauraient dispenser l\u2019utilisateur d\u2019une analyse compl\u00e9mentaire et adapt\u00e9e.<\/p>\n<p>LEGISPORT ne saurait donc \u00eatre tenu responsable des erreurs et omissions, d\u2019une absence de disponibilit\u00e9 des informations et des services. En cons\u00e9quence, l\u2019utilisateur reconnait utiliser ces informations sous sa responsabilit\u00e9 exclusive.<\/p>\n<p>LEGISPORT ne saurait \u00eatre tenu pour responsable des dommages directs ou indirects qui pourraient r\u00e9sulter de l\u2019acc\u00e8s ou de l\u2019utilisation du pr\u00e9sent portail, y compris l\u2019inaccessibilit\u00e9, les pertes de donn\u00e9es, et\/ou la pr\u00e9sence de virus sur le site, sans que cette liste soit limitative. Les marques et logo de LEGISPORT figurant sur ce site sont des marques d\u00e9pos\u00e9es. Toute reproduction ou repr\u00e9sentation totale ou partielle, seules ou int\u00e9gr\u00e9es \u00e0 d\u2019autres \u00e9l\u00e9ments, sans autorisation \u00e9crite, expresse et pr\u00e9alable de LEGISPORT en est strictement interdite. La structure g\u00e9n\u00e9rale, textes, images, savoir-faire et plus g\u00e9n\u00e9ralement toutes les informations et contenus dans le pr\u00e9sent portail sont la propri\u00e9t\u00e9 de LEGISPORT ou font l\u2019objet d\u2019un droit d\u2019utilisation ou d\u2019exploitation. Ces \u00e9l\u00e9ments sont soumis \u00e0 la l\u00e9gislation prot\u00e9geant le droit d\u2019auteur. Toute repr\u00e9sentation, modification, reproduction, d\u00e9naturation, totale ou partielle, de tout ou partie du site ou de son contenu, par quelque proc\u00e9d\u00e9 que ce soit, et sur quelque support que ce soit, constituerait une contrefa\u00e7on sanctionn\u00e9e par les articles L.335-2 et suivants du Code de la Propri\u00e9t\u00e9 Intellectuelle.<\/p>\n<p>Les bases de donn\u00e9es figurant, le cas \u00e9ch\u00e9ant, sur le pr\u00e9sent portail sont prot\u00e9g\u00e9es par les dispositions de la loi du 1er juillet 1998 transposant dans le Code de la Propri\u00e9t\u00e9 Intellectuelle la Directive Europ\u00e9enne du 11 mars 1996 relative \u00e0 la protection juridique des bases de donn\u00e9es. A ce titre, LEGISPORT interdit express\u00e9ment toute r\u00e9utilisation, reproduction ou extraction d\u2019\u00e9l\u00e9ments de ces bases de donn\u00e9es. La r\u00e9utilisation, reproduction ou extraction non autoris\u00e9e engage la responsabilit\u00e9 de l\u2019utilisateur.<\/p>\n<p>LEGISPORT se r\u00e9serve la facult\u00e9 de supprimer, sans d\u00e9lais, et sans mise en demeure pr\u00e9alable, tout contenu : message, texte, images, graphique qui contreviendrait aux lois et r\u00e8glements en vigueur et notamment les r\u00e8glementations pr\u00e9cis\u00e9es ci-dessus. Dans l\u2019hypoth\u00e8se o\u00f9 vous souhaiteriez utiliser un des contenus du site (texte, image,&#8230;), vous devez obtenir l\u2019autorisation \u00e9crite, expresse et pr\u00e9alable de LEGISPORT, en \u00e9crivant \u00e0 l\u2019adresse pr\u00e9cis\u00e9e ci-dessus ou en envoyant un courriel au webmaster.<\/p>\n<p><em><strong>Protection des donn\u00e9es \u00e0 la suite du RGPD<\/strong><\/em><\/p>\n<p>Voici quelques informations qui vous seront utiles :<\/p>\n<p>-Qui est responsable du traitement de vos donn\u00e9es personnelles ? LEGISPORT dont le si\u00e8ge est au 8 Rue d&rsquo;Arcole, 13006 Marseille;<\/p>\n<p>-Qui va surveiller vos donn\u00e9es ? Le responsable de la protection des donn\u00e9es personnelles au sein de l&rsquo;\u00e9quipe LEGISPORT, plus connu sous le nom de DPO (data protection officer) sera la personne qui garantit le respect des r\u00e8gles de protection des donn\u00e9es au sein de LEGISPORT;<\/p>\n<p>-Pourquoi utilisons-nous vos donn\u00e9es personnelles ? LEGISPORT\u00a0a besoin de vos donn\u00e9es (nom, pr\u00e9nom, fonction, adresse, code postal, ville, t\u00e9l\u00e9phone, mail) dans le cas de la souscription d&rsquo;un abonnement au bulletin d&rsquo;informations juridiques sportives LEGISPORT (six num\u00e9ros par an) ou dans le cas d&rsquo;une manifestation (colloque par exemple). LEGISPORT traite vos donn\u00e9es avec le maximum de confidentialit\u00e9 possible et en respectant le but pour lesquelles elles ont \u00e9t\u00e9 envoy\u00e9es;<\/p>\n<p>-Combien de temps LEGISPORT gardera vos donn\u00e9es ? Lorsque vous \u00eates client, vos donn\u00e9es personnelles sont dans un fichier automatis\u00e9 pendant toute la dur\u00e9e de votre abonnement et pendant une p\u00e9riode de deux mois \u00e0 compter du terme de votre abonnement;<\/p>\n<p>-LEGISPORT ne fournit pas vos donn\u00e9es personnelles \u00e0 des tiers et ne fait pas d&rsquo;usage commercial de vos donn\u00e9es personnelles aupr\u00e8s des tiers;<\/p>\n<p>-Vous disposez d&rsquo;un droit d&rsquo;acc\u00e8s, de rectification, d&rsquo;opposition, d&rsquo;annulation, ainsi que de refus concernant le traitement automatis\u00e9 des donn\u00e9es collect\u00e9es par LEGISPORT. Vous pouvez exercer\u00a0les droits reconnus par le r\u00e8glement g\u00e9n\u00e9ral de protection des donn\u00e9es en \u00e9crivant par lettre recommand\u00e9e avec AR \u00e0 LEGISPORT, 8 Rue d&rsquo;Arcole, 13006 MARSEILLE.<\/p>\n","protected":false},"excerpt":{"rendered":"<p>Le portail www.legisport.com est la propri\u00e9t\u00e9 de LEGISPORT, et dont le si\u00e8ge social est situ\u00e9 : 8 Rue d\u2019Arcole, 13006 Marseille. Le portail www.legisport.com est h\u00e9berg\u00e9 sur les mat\u00e9riels informatiques de la soci\u00e9t\u00e9 SAS OVH dont le si\u00e8ge social est situ\u00e9 : 2 rue Kellermann BP 80157 59100 Roubaix. Conditions g\u00e9n\u00e9rales d\u2019utilisation. L\u2019utilisateur reconna\u00eet avoir [&hellip;]<\/p>\n","protected":false},"author":1,"featured_media":0,"parent":0,"menu_order":14,"comment_status":"closed","ping_status":"closed","template":"","meta":{"footnotes":""},"class_list":["post-377","page","type-page","status-publish","hentry","basic-color-border"],"yoast_head":"<!-- This site is optimized with the Yoast SEO plugin v17.4 - https:\/\/yoast.com\/wordpress\/plugins\/seo\/ -->\n<meta name=\"robots\" content=\"index, follow, max-snippet:-1, max-image-preview:large, max-video-preview:-1\" \/>\n<link rel=\"canonical\" href=\"https:\/\/legisport.com\/index.php\/mentions-legales\/\" \/>\n<meta property=\"og:locale\" content=\"fr_FR\" \/>\n<meta property=\"og:type\" content=\"article\" \/>\n<meta property=\"og:title\" content=\"Mentions l\u00e9gales\/protection des donn\u00e9es - legisport\" \/>\n<meta property=\"og:description\" content=\"Le portail www.legisport.com est la propri\u00e9t\u00e9 de LEGISPORT, et dont le si\u00e8ge social est situ\u00e9 : 8 Rue d\u2019Arcole, 13006 Marseille. Le portail www.legisport.com est h\u00e9berg\u00e9 sur les mat\u00e9riels informatiques de la soci\u00e9t\u00e9 SAS OVH dont le si\u00e8ge social est situ\u00e9 : 2 rue Kellermann BP 80157 59100 Roubaix. Conditions g\u00e9n\u00e9rales d\u2019utilisation. L\u2019utilisateur reconna\u00eet avoir [&hellip;]\" \/>\n<meta property=\"og:url\" content=\"https:\/\/legisport.com\/index.php\/mentions-legales\/\" \/>\n<meta property=\"og:site_name\" content=\"legisport\" \/>\n<meta property=\"article:modified_time\" content=\"2018-10-13T13:22:51+00:00\" \/>\n<meta name=\"twitter:card\" content=\"summary_large_image\" \/>\n<meta name=\"twitter:label1\" content=\"Dur\u00e9e de lecture est.\" \/>\n\t<meta name=\"twitter:data1\" content=\"4 minutes\" \/>\n<script type=\"application\/ld+json\" class=\"yoast-schema-graph\">{\"@context\":\"https:\/\/schema.org\",\"@graph\":[{\"@type\":\"WebSite\",\"@id\":\"https:\/\/legisport.com\/#website\",\"url\":\"https:\/\/legisport.com\/\",\"name\":\"legisport\",\"description\":\"1991 : fondation de LEGISPORT. 1996 : lancement du bulletin d&#039;informations juridiques sportives LEGISPORT. Tout sur le droit du sport.\",\"potentialAction\":[{\"@type\":\"SearchAction\",\"target\":{\"@type\":\"EntryPoint\",\"urlTemplate\":\"https:\/\/legisport.com\/?s={search_term_string}\"},\"query-input\":\"required name=search_term_string\"}],\"inLanguage\":\"fr-FR\"},{\"@type\":\"WebPage\",\"@id\":\"https:\/\/legisport.com\/index.php\/mentions-legales\/#webpage\",\"url\":\"https:\/\/legisport.com\/index.php\/mentions-legales\/\",\"name\":\"Mentions l\\u00e9gales\/protection des donn\\u00e9es - legisport\",\"isPartOf\":{\"@id\":\"https:\/\/legisport.com\/#website\"},\"datePublished\":\"2017-06-19T07:04:23+00:00\",\"dateModified\":\"2018-10-13T13:22:51+00:00\",\"breadcrumb\":{\"@id\":\"https:\/\/legisport.com\/index.php\/mentions-legales\/#breadcrumb\"},\"inLanguage\":\"fr-FR\",\"potentialAction\":[{\"@type\":\"ReadAction\",\"target\":[\"https:\/\/legisport.com\/index.php\/mentions-legales\/\"]}]},{\"@type\":\"BreadcrumbList\",\"@id\":\"https:\/\/legisport.com\/index.php\/mentions-legales\/#breadcrumb\",\"itemListElement\":[{\"@type\":\"ListItem\",\"position\":1,\"name\":\"Accueil\",\"item\":\"https:\/\/legisport.com\/\"},{\"@type\":\"ListItem\",\"position\":2,\"name\":\"Mentions l\\u00e9gales\/protection des donn\\u00e9es\"}]}]}<\/script>\n<!-- \/ Yoast SEO plugin. -->","yoast_head_json":{"robots":{"index":"index","follow":"follow","max-snippet":"max-snippet:-1","max-image-preview":"max-image-preview:large","max-video-preview":"max-video-preview:-1"},"canonical":"https:\/\/legisport.com\/index.php\/mentions-legales\/","og_locale":"fr_FR","og_type":"article","og_title":"Mentions l\u00e9gales\/protection des donn\u00e9es - legisport","og_description":"Le portail www.legisport.com est la propri\u00e9t\u00e9 de LEGISPORT, et dont le si\u00e8ge social est situ\u00e9 : 8 Rue d\u2019Arcole, 13006 Marseille. Le portail www.legisport.com est h\u00e9berg\u00e9 sur les mat\u00e9riels informatiques de la soci\u00e9t\u00e9 SAS OVH dont le si\u00e8ge social est situ\u00e9 : 2 rue Kellermann BP 80157 59100 Roubaix. Conditions g\u00e9n\u00e9rales d\u2019utilisation. L\u2019utilisateur reconna\u00eet avoir [&hellip;]","og_url":"https:\/\/legisport.com\/index.php\/mentions-legales\/","og_site_name":"legisport","article_modified_time":"2018-10-13T13:22:51+00:00","twitter_card":"summary_large_image","twitter_misc":{"Dur\u00e9e de lecture est.":"4 minutes"},"schema":{"@context":"https:\/\/schema.org","@graph":[{"@type":"WebSite","@id":"https:\/\/legisport.com\/#website","url":"https:\/\/legisport.com\/","name":"legisport","description":"1991 : fondation de LEGISPORT. 1996 : lancement du bulletin d&#039;informations juridiques sportives LEGISPORT. Tout sur le droit du sport.","potentialAction":[{"@type":"SearchAction","target":{"@type":"EntryPoint","urlTemplate":"https:\/\/legisport.com\/?s={search_term_string}"},"query-input":"required name=search_term_string"}],"inLanguage":"fr-FR"},{"@type":"WebPage","@id":"https:\/\/legisport.com\/index.php\/mentions-legales\/#webpage","url":"https:\/\/legisport.com\/index.php\/mentions-legales\/","name":"Mentions l\u00e9gales\/protection des donn\u00e9es - legisport","isPartOf":{"@id":"https:\/\/legisport.com\/#website"},"datePublished":"2017-06-19T07:04:23+00:00","dateModified":"2018-10-13T13:22:51+00:00","breadcrumb":{"@id":"https:\/\/legisport.com\/index.php\/mentions-legales\/#breadcrumb"},"inLanguage":"fr-FR","potentialAction":[{"@type":"ReadAction","target":["https:\/\/legisport.com\/index.php\/mentions-legales\/"]}]},{"@type":"BreadcrumbList","@id":"https:\/\/legisport.com\/index.php\/mentions-legales\/#breadcrumb","itemListElement":[{"@type":"ListItem","position":1,"name":"Accueil","item":"https:\/\/legisport.com\/"},{"@type":"ListItem","position":2,"name":"Mentions l\u00e9gales\/protection des donn\u00e9es"}]}]}},"_links":{"self":[{"href":"https:\/\/legisport.com\/index.php\/wp-json\/wp\/v2\/pages\/377","targetHints":{"allow":["GET"]}}],"collection":[{"href":"https:\/\/legisport.com\/index.php\/wp-json\/wp\/v2\/pages"}],"about":[{"href":"https:\/\/legisport.com\/index.php\/wp-json\/wp\/v2\/types\/page"}],"author":[{"embeddable":true,"href":"https:\/\/legisport.com\/index.php\/wp-json\/wp\/v2\/users\/1"}],"replies":[{"embeddable":true,"href":"https:\/\/legisport.com\/index.php\/wp-json\/wp\/v2\/comments?post=377"}],"version-history":[{"count":5,"href":"https:\/\/legisport.com\/index.php\/wp-json\/wp\/v2\/pages\/377\/revisions"}],"predecessor-version":[{"id":873,"href":"https:\/\/legisport.com\/index.php\/wp-json\/wp\/v2\/pages\/377\/revisions\/873"}],"wp:attachment":[{"href":"https:\/\/legisport.com\/index.php\/wp-json\/wp\/v2\/media?parent=377"}],"curies":[{"name":"wp","href":"https:\/\/api.w.org\/{rel}","templated":true}]}}