{"id":26,"date":"2015-12-10T18:06:55","date_gmt":"2015-12-10T18:06:55","guid":{"rendered":"http:\/\/legisport.com\/?page_id=26"},"modified":"2022-10-04T18:49:28","modified_gmt":"2022-10-04T16:49:28","slug":"commander","status":"publish","type":"page","link":"https:\/\/legisport.com\/index.php\/commander\/","title":{"rendered":"s&rsquo;abonner"},"content":{"rendered":"<h1><img loading=\"lazy\" decoding=\"async\" class=\"size-full wp-image-1631 aligncenter\" src=\"https:\/\/legisport.com\/wp-content\/uploads\/2021\/02\/br20210111_120230.jpg\" alt=\"\" width=\"558\" height=\"735\" srcset=\"https:\/\/legisport.com\/wp-content\/uploads\/2021\/02\/br20210111_120230.jpg 558w, https:\/\/legisport.com\/wp-content\/uploads\/2021\/02\/br20210111_120230-228x300.jpg 228w\" sizes=\"auto, (max-width: 558px) 100vw, 558px\" \/><\/h1>\n<h1 style=\"text-align: center;\"><strong>LEGISPORT &#8211; DROIT DU SPORT<\/strong><\/h1>\n<p>Le montant de l&rsquo;abonnement \u00e0 LEGISPORT est modique (30 euros pour six\u00a0 num\u00e9ros annuels).<\/p>\n<p>Cliquez <a href=\"https:\/\/legisport.com\/wp-content\/uploads\/2022\/02\/legisportabonnementannee2022.pdf\">ICI<\/a>\u00a0pour vous abonner.<\/p>\n<p>LEGISPORT \u00e9dite depuis septembre 1996 le bulletin d&rsquo;informations juridiques sportives qui para\u00eet tous les deux mois. Sa mission : <em>\u00ab\u00a0informer les sportifs et les dirigeants de leurs droits et obligations\u00a0\u00bb.<\/em><\/p>\n<p>Une mission parfaitement remplie puisque si le premier num\u00e9ro\u00a0de septembre &#8211; octobre 1996 \u00e9tait consacr\u00e9 au th\u00e8me <em>\u00ab\u00a0Sport et enfants &#8211; halte aux exc\u00e8s\u00a0\u00bb, <\/em>le num\u00e9ro anniversaire des vingt ans (n\u00b0121 de Septembre &#8211; Octobre 2016) avait pour th\u00e8me <em>\u00ab\u00a0Tout pour le sport !\u00a0\u00bb. <\/em><\/p>\n<p>Le dernier num\u00e9ro paru est le 157 (septembre-octobre\u00a0 2022).<\/p>\n<p>Une long\u00e9vit\u00e9 exceptionnelle au service du droit du sport.<\/p>\n<p><strong>Contact : legisport@wanadoo.fr<\/strong><\/p>\n<p><img loading=\"lazy\" decoding=\"async\" class=\"size-full wp-image-2643 aligncenter\" src=\"https:\/\/legisport.com\/wp-content\/uploads\/2022\/10\/droitdusportMichelPautotLegisport2022.jpg\" alt=\"\" width=\"576\" height=\"768\" srcset=\"https:\/\/legisport.com\/wp-content\/uploads\/2022\/10\/droitdusportMichelPautotLegisport2022.jpg 576w, https:\/\/legisport.com\/wp-content\/uploads\/2022\/10\/droitdusportMichelPautotLegisport2022-225x300.jpg 225w\" sizes=\"auto, (max-width: 576px) 100vw, 576px\" \/><\/p>\n<p><strong>Michel Pautot, r\u00e9dacteur en chef, a plaid\u00e9 pour Lilia Malaja et de Pape Diouf notamment&#8230;<\/strong><\/p>\n<p><img loading=\"lazy\" decoding=\"async\" class=\"size-full wp-image-2598 aligncenter\" src=\"https:\/\/legisport.com\/wp-content\/uploads\/2022\/09\/lilia-malaja-et-me-michel-pautot.bmp\" alt=\"\" width=\"378\" height=\"414\" srcset=\"https:\/\/legisport.com\/wp-content\/uploads\/2022\/09\/lilia-malaja-et-me-michel-pautot.bmp 378w, https:\/\/legisport.com\/wp-content\/uploads\/2022\/09\/lilia-malaja-et-me-michel-pautot-274x300.jpg 274w\" sizes=\"auto, (max-width: 378px) 100vw, 378px\" \/><\/p>\n<p style=\"text-align: center;\"><em>Michel Pautot avec la basketteuse polonaise Lilia Malaja<\/em><\/p>\n<p><img loading=\"lazy\" decoding=\"async\" class=\"alignnone size-full wp-image-1734\" src=\"https:\/\/legisport.com\/wp-content\/uploads\/2021\/03\/droitdusportMa\u00eetrePautotMichelavecPapeDioiuf-2.jpg\" alt=\"\" width=\"822\" height=\"616\" srcset=\"https:\/\/legisport.com\/wp-content\/uploads\/2021\/03\/droitdusportMa\u00eetrePautotMichelavecPapeDioiuf-2.jpg 822w, https:\/\/legisport.com\/wp-content\/uploads\/2021\/03\/droitdusportMa\u00eetrePautotMichelavecPapeDioiuf-2-300x225.jpg 300w, https:\/\/legisport.com\/wp-content\/uploads\/2021\/03\/droitdusportMa\u00eetrePautotMichelavecPapeDioiuf-2-768x576.jpg 768w\" sizes=\"auto, (max-width: 822px) 100vw, 822px\" \/><\/p>\n<p style=\"text-align: center;\"><em>Michel Pautot en compagnie de Pape Diouf, ancien Pr\u00e9sident de l&rsquo;Olympique de Marseille<\/em><\/p>\n","protected":false},"excerpt":{"rendered":"<p>LEGISPORT &#8211; DROIT DU SPORT Le montant de l&rsquo;abonnement \u00e0 LEGISPORT est modique (30 euros pour six\u00a0 num\u00e9ros annuels). Cliquez ICI\u00a0pour vous abonner. LEGISPORT \u00e9dite depuis septembre 1996 le bulletin d&rsquo;informations juridiques sportives qui para\u00eet tous les deux mois. Sa mission : \u00ab\u00a0informer les sportifs et les dirigeants de leurs droits et obligations\u00a0\u00bb. Une mission [&hellip;]<\/p>\n","protected":false},"author":1,"featured_media":0,"parent":0,"menu_order":11,"comment_status":"closed","ping_status":"closed","template":"","meta":{"footnotes":""},"class_list":["post-26","page","type-page","status-publish","hentry","basic-color-border"],"yoast_head":"<!-- This site is optimized with the Yoast SEO plugin v17.4 - https:\/\/yoast.com\/wordpress\/plugins\/seo\/ -->\n<meta name=\"robots\" content=\"index, follow, max-snippet:-1, max-image-preview:large, max-video-preview:-1\" \/>\n<link rel=\"canonical\" href=\"https:\/\/legisport.com\/index.php\/commander\/\" \/>\n<meta property=\"og:locale\" content=\"fr_FR\" \/>\n<meta property=\"og:type\" content=\"article\" \/>\n<meta property=\"og:title\" content=\"s&#039;abonner - legisport\" \/>\n<meta property=\"og:description\" content=\"LEGISPORT &#8211; DROIT DU SPORT Le montant de l&rsquo;abonnement \u00e0 LEGISPORT est modique (30 euros pour six\u00a0 num\u00e9ros annuels). Cliquez ICI\u00a0pour vous abonner. LEGISPORT \u00e9dite depuis septembre 1996 le bulletin d&rsquo;informations juridiques sportives qui para\u00eet tous les deux mois. Sa mission : \u00ab\u00a0informer les sportifs et les dirigeants de leurs droits et obligations\u00a0\u00bb. Une mission [&hellip;]\" \/>\n<meta property=\"og:url\" content=\"https:\/\/legisport.com\/index.php\/commander\/\" \/>\n<meta property=\"og:site_name\" content=\"legisport\" \/>\n<meta property=\"article:modified_time\" content=\"2022-10-04T16:49:28+00:00\" \/>\n<meta property=\"og:image\" content=\"http:\/\/legisport.com\/wp-content\/uploads\/2021\/02\/br20210111_120230.jpg\" \/>\n<meta name=\"twitter:card\" content=\"summary_large_image\" \/>\n<meta name=\"twitter:label1\" content=\"Dur\u00e9e de lecture est.\" \/>\n\t<meta name=\"twitter:data1\" content=\"2 minutes\" \/>\n<script type=\"application\/ld+json\" class=\"yoast-schema-graph\">{\"@context\":\"https:\/\/schema.org\",\"@graph\":[{\"@type\":\"WebSite\",\"@id\":\"https:\/\/legisport.com\/#website\",\"url\":\"https:\/\/legisport.com\/\",\"name\":\"legisport\",\"description\":\"1991 : fondation de LEGISPORT. 1996 : lancement du bulletin d&#039;informations juridiques sportives LEGISPORT. Tout sur le droit du sport.\",\"potentialAction\":[{\"@type\":\"SearchAction\",\"target\":{\"@type\":\"EntryPoint\",\"urlTemplate\":\"https:\/\/legisport.com\/?s={search_term_string}\"},\"query-input\":\"required name=search_term_string\"}],\"inLanguage\":\"fr-FR\"},{\"@type\":\"ImageObject\",\"@id\":\"https:\/\/legisport.com\/index.php\/commander\/#primaryimage\",\"inLanguage\":\"fr-FR\",\"url\":\"http:\/\/legisport.com\/wp-content\/uploads\/2021\/02\/br20210111_120230.jpg\",\"contentUrl\":\"http:\/\/legisport.com\/wp-content\/uploads\/2021\/02\/br20210111_120230.jpg\"},{\"@type\":\"WebPage\",\"@id\":\"https:\/\/legisport.com\/index.php\/commander\/#webpage\",\"url\":\"https:\/\/legisport.com\/index.php\/commander\/\",\"name\":\"s'abonner - legisport\",\"isPartOf\":{\"@id\":\"https:\/\/legisport.com\/#website\"},\"primaryImageOfPage\":{\"@id\":\"https:\/\/legisport.com\/index.php\/commander\/#primaryimage\"},\"datePublished\":\"2015-12-10T18:06:55+00:00\",\"dateModified\":\"2022-10-04T16:49:28+00:00\",\"breadcrumb\":{\"@id\":\"https:\/\/legisport.com\/index.php\/commander\/#breadcrumb\"},\"inLanguage\":\"fr-FR\",\"potentialAction\":[{\"@type\":\"ReadAction\",\"target\":[\"https:\/\/legisport.com\/index.php\/commander\/\"]}]},{\"@type\":\"BreadcrumbList\",\"@id\":\"https:\/\/legisport.com\/index.php\/commander\/#breadcrumb\",\"itemListElement\":[{\"@type\":\"ListItem\",\"position\":1,\"name\":\"Accueil\",\"item\":\"https:\/\/legisport.com\/\"},{\"@type\":\"ListItem\",\"position\":2,\"name\":\"s&rsquo;abonner\"}]}]}<\/script>\n<!-- \/ Yoast SEO plugin. -->","yoast_head_json":{"robots":{"index":"index","follow":"follow","max-snippet":"max-snippet:-1","max-image-preview":"max-image-preview:large","max-video-preview":"max-video-preview:-1"},"canonical":"https:\/\/legisport.com\/index.php\/commander\/","og_locale":"fr_FR","og_type":"article","og_title":"s'abonner - legisport","og_description":"LEGISPORT &#8211; DROIT DU SPORT Le montant de l&rsquo;abonnement \u00e0 LEGISPORT est modique (30 euros pour six\u00a0 num\u00e9ros annuels). Cliquez ICI\u00a0pour vous abonner. LEGISPORT \u00e9dite depuis septembre 1996 le bulletin d&rsquo;informations juridiques sportives qui para\u00eet tous les deux mois. Sa mission : \u00ab\u00a0informer les sportifs et les dirigeants de leurs droits et obligations\u00a0\u00bb. Une mission [&hellip;]","og_url":"https:\/\/legisport.com\/index.php\/commander\/","og_site_name":"legisport","article_modified_time":"2022-10-04T16:49:28+00:00","og_image":[{"url":"http:\/\/legisport.com\/wp-content\/uploads\/2021\/02\/br20210111_120230.jpg"}],"twitter_card":"summary_large_image","twitter_misc":{"Dur\u00e9e de lecture est.":"2 minutes"},"schema":{"@context":"https:\/\/schema.org","@graph":[{"@type":"WebSite","@id":"https:\/\/legisport.com\/#website","url":"https:\/\/legisport.com\/","name":"legisport","description":"1991 : fondation de LEGISPORT. 1996 : lancement du bulletin d&#039;informations juridiques sportives LEGISPORT. Tout sur le droit du sport.","potentialAction":[{"@type":"SearchAction","target":{"@type":"EntryPoint","urlTemplate":"https:\/\/legisport.com\/?s={search_term_string}"},"query-input":"required name=search_term_string"}],"inLanguage":"fr-FR"},{"@type":"ImageObject","@id":"https:\/\/legisport.com\/index.php\/commander\/#primaryimage","inLanguage":"fr-FR","url":"http:\/\/legisport.com\/wp-content\/uploads\/2021\/02\/br20210111_120230.jpg","contentUrl":"http:\/\/legisport.com\/wp-content\/uploads\/2021\/02\/br20210111_120230.jpg"},{"@type":"WebPage","@id":"https:\/\/legisport.com\/index.php\/commander\/#webpage","url":"https:\/\/legisport.com\/index.php\/commander\/","name":"s'abonner - legisport","isPartOf":{"@id":"https:\/\/legisport.com\/#website"},"primaryImageOfPage":{"@id":"https:\/\/legisport.com\/index.php\/commander\/#primaryimage"},"datePublished":"2015-12-10T18:06:55+00:00","dateModified":"2022-10-04T16:49:28+00:00","breadcrumb":{"@id":"https:\/\/legisport.com\/index.php\/commander\/#breadcrumb"},"inLanguage":"fr-FR","potentialAction":[{"@type":"ReadAction","target":["https:\/\/legisport.com\/index.php\/commander\/"]}]},{"@type":"BreadcrumbList","@id":"https:\/\/legisport.com\/index.php\/commander\/#breadcrumb","itemListElement":[{"@type":"ListItem","position":1,"name":"Accueil","item":"https:\/\/legisport.com\/"},{"@type":"ListItem","position":2,"name":"s&rsquo;abonner"}]}]}},"_links":{"self":[{"href":"https:\/\/legisport.com\/index.php\/wp-json\/wp\/v2\/pages\/26","targetHints":{"allow":["GET"]}}],"collection":[{"href":"https:\/\/legisport.com\/index.php\/wp-json\/wp\/v2\/pages"}],"about":[{"href":"https:\/\/legisport.com\/index.php\/wp-json\/wp\/v2\/types\/page"}],"author":[{"embeddable":true,"href":"https:\/\/legisport.com\/index.php\/wp-json\/wp\/v2\/users\/1"}],"replies":[{"embeddable":true,"href":"https:\/\/legisport.com\/index.php\/wp-json\/wp\/v2\/comments?post=26"}],"version-history":[{"count":24,"href":"https:\/\/legisport.com\/index.php\/wp-json\/wp\/v2\/pages\/26\/revisions"}],"predecessor-version":[{"id":2654,"href":"https:\/\/legisport.com\/index.php\/wp-json\/wp\/v2\/pages\/26\/revisions\/2654"}],"wp:attachment":[{"href":"https:\/\/legisport.com\/index.php\/wp-json\/wp\/v2\/media?parent=26"}],"curies":[{"name":"wp","href":"https:\/\/api.w.org\/{rel}","templated":true}]}}