{"id":24,"date":"2015-12-10T18:06:47","date_gmt":"2015-12-10T18:06:47","guid":{"rendered":"http:\/\/legisport.com\/?page_id=24"},"modified":"2020-01-05T16:28:32","modified_gmt":"2020-01-05T16:28:32","slug":"colloques","status":"publish","type":"page","link":"https:\/\/legisport.com\/index.php\/colloques\/","title":{"rendered":"colloques &#8211; droit du sport"},"content":{"rendered":"<p><strong>LES COLLOQUES LEGISPORT <\/strong><\/p>\n<p><strong>-&gt;LEGISPORT \u00e0 la une d\u2019un espace de rencontres et de r\u00e9flexion depuis 1991.<\/strong><\/p>\n<p>Nous nous sommes tr\u00e8s vite appuy\u00e9s sur l\u2019organisation de colloques. <strong>Nous n\u2019avons pas \u00e9t\u00e9 les organisateurs du premier<\/strong>. En effet, nous avons d\u2019abord particip\u00e9 \u00e0 un colloque organis\u00e9 par Communica Sport (Richard Astre \u2013 Jean Paul Jorge) \u00e0 Blagnac. Etaient pr\u00e9sents Patrice Begay, directeur de TV Sport, Nadia Comaneci, quintuple championne olympique et bien d\u2019autres. Il \u00e9tait consacr\u00e9 \u00e0 \u00ab la protection juridique des champions \u00bb.<\/p>\n<p>Puis nous avons propos\u00e9 des rendez-vous r\u00e9guliers.<\/p>\n<p><strong>1991 \/ Marseille<\/strong><br \/>\n<strong>Th\u00e8me : La s\u00e9curit\u00e9 des boxeurs.<\/strong><br \/>\nAvec le Docteur Georges P\u00e9rez, pr\u00e9sident de M\u00e9decine Boxe et Richard Caramanolis, Champion d\u2019Europe de boxe.<\/p>\n<p><strong>1993 \/ Marseille<\/strong><br \/>\n<strong>Th\u00e8me : Bienvenue \u00e0 l\u2019arbitre<\/strong><br \/>\nAvec Michel Vautrot, arbitre international de football, et Ren\u00e9 Buonavista, arbitre AIBA.<\/p>\n<p><img loading=\"lazy\" decoding=\"async\" class=\"size-full wp-image-1165 aligncenter\" src=\"https:\/\/legisport.com\/wp-content\/uploads\/2019\/09\/rdroitdusportlegisport4coll.jpg\" alt=\"\" width=\"420\" height=\"600\" srcset=\"https:\/\/legisport.com\/wp-content\/uploads\/2019\/09\/rdroitdusportlegisport4coll.jpg 420w, https:\/\/legisport.com\/wp-content\/uploads\/2019\/09\/rdroitdusportlegisport4coll-210x300.jpg 210w\" sizes=\"auto, (max-width: 420px) 100vw, 420px\" \/><\/p>\n<p><strong>1994 \/ Marseille<\/strong><br \/>\n<strong>Th\u00e8me : Les accidents sportifs, la s\u00e9curit\u00e9 des \u00e9quipements sportifs et le drame de Furiani.<\/strong><br \/>\nAvec Jean-Paul Perrier, pr\u00e9sident de l\u2019Association nationale des directeurs des services des sports et installations sportives (ANDIIS)<\/p>\n<p><strong>1995 \/ Bordeaux<\/strong><br \/>\n<strong>Th\u00e8me : Le chien de sport<\/strong><br \/>\nAvec le Professeur Guy Queinnec, pr\u00e9sident de la Soci\u00e9t\u00e9 francophone de Cynotechnie.<\/p>\n<p><strong>1996 \/ Marseille<\/strong><br \/>\n<strong>Th\u00e8me : Le sport et l\u2019enfant<\/strong><br \/>\nAvec Elodie Lussac, championne d\u2019Europe de gymnastique et le Docteur Christian B\u00e9n\u00e9zis, pr\u00e9sident de la Soci\u00e9t\u00e9 fran\u00e7aise de m\u00e9decine du Sport.<\/p>\n<p><strong>1997 \/ Marseille<\/strong><br \/>\n<strong>Th\u00e8me : Le sport et l\u2019Europe \u00bb<\/strong><br \/>\nAvec Jean-Marc Bosman, ancien footballeur professionnel, Pape Diouf, agent de footballeurs et Fran\u00e7ois Torres, agent sportif de Lilia Malaja.<\/p>\n<p><img loading=\"lazy\" decoding=\"async\" class=\"alignnone size-full wp-image-1162\" src=\"https:\/\/legisport.com\/wp-content\/uploads\/2019\/09\/rdroitdusportlegisport1coll.jpg\" alt=\"\" width=\"645\" height=\"600\" srcset=\"https:\/\/legisport.com\/wp-content\/uploads\/2019\/09\/rdroitdusportlegisport1coll.jpg 645w, https:\/\/legisport.com\/wp-content\/uploads\/2019\/09\/rdroitdusportlegisport1coll-300x279.jpg 300w\" sizes=\"auto, (max-width: 645px) 100vw, 645px\" \/><\/p>\n<p><strong>1998 \/ Lyon<\/strong><br \/>\n<strong>Th\u00e8me : Sport et Racisme, le sport sous toutes les couleurs<\/strong><br \/>\nAvec Joseph-Antoine Bell, capitaine de l\u2019OM et des Lions indomptables, Dieb Mechiche, pr\u00e9sident du Club grand Lyon.<\/p>\n<p><strong>1999 \/ Montpellier<\/strong><br \/>\n<strong>Th\u00e8me : Sports de Rue, sports de proximit\u00e9<\/strong><br \/>\nAvec le Docteur Christian B\u00e9n\u00e9zis, pr\u00e9sident d\u2019H\u00e9rault Sport, Georges Fr\u00eache, maire de Montpellier.<\/p>\n<p><strong>2000 \/ Marseille<\/strong><br \/>\n<strong>Th\u00e8me : Les femmes et le sport<\/strong><br \/>\nAvec Colette Besson, championne olympique d\u2019athl\u00e9tisme.<\/p>\n<p><strong>2001 \/ Marseille<\/strong><br \/>\n<strong>Th\u00e8me : Sport, sant\u00e9 et citoyennet\u00e9 \u2013 entra\u00eenement, m\u00e9decine et r\u00e9glementation<\/strong><br \/>\nAvec Andr\u00e9 Giraud, fondateur de Marseille-Cassis, Roger Chrestian, m\u00e9decin du sport.<\/p>\n<p><strong>2002 \/ Marseille<\/strong><br \/>\n<strong>Th\u00e8me : Sport et dopage<\/strong><br \/>\nAvec Cyrille Guimard, champion cycliste et directeur sportif, \u00e0 Marseille, Christian B\u00e9n\u00e9zis, m\u00e9decin du sport.<\/p>\n<p><strong>2003 \/ Salon-de-Provence<\/strong><br \/>\n<strong>Th\u00e8me : Sport et Violence, pour le fair-play et la sportivit\u00e9<\/strong><br \/>\nAvec Andr\u00e9 Catelin, pr\u00e9sident de l\u2019Association fran\u00e7aise pour un sport sans violence et pour le fair-play et Michel Tonon, maire de Salon-de-Provence.<\/p>\n<p><strong>2003 \/ Paris<\/strong><br \/>\n<strong>Th\u00e8me : Le sport spectacle et les coulisses du sport business<\/strong><br \/>\nAvec Marcel Desailly, champion du Monde et d\u2019Europe de football<\/p>\n<p><strong>2003 \/ Marseille<\/strong><br \/>\n<strong>Th\u00e8me : Sport et nationalit\u00e9s \/ Malaja-Cotonou, quel impact dans le sport ?<\/strong><\/p>\n<p><strong>2004 \/ Marseille<\/strong><br \/>\n<strong>Th\u00e8me : Sport et Nationalit\u00e9s : la mondialisation du sport \u00bb<\/strong><\/p>\n<p><strong>2005 \/ Marseille<\/strong><br \/>\n<strong>Th\u00e8me : Sport et Nationalit\u00e9s : le d\u00e9clin de l\u2019identit\u00e9 nationale face \u00e0 la mondialisation du sport<\/strong><br \/>\nAvec Jean-Jacques Janni\u00e8re, directeur de la Jeunesse et Sports, Cyrille Haddouche, Le Figaro, Marc Chevrier, L\u2019Equipe.<\/p>\n<p><strong>2006 \/ Marseille<\/strong><br \/>\n<strong>Th\u00e8me : Sport et Nationalit\u00e9s : le sport peut-il se passer des \u00e9trangers ?<\/strong><br \/>\nAvec Marcel Desailly, champion du Monde et d\u2019Europe de football.<\/p>\n<p><img loading=\"lazy\" decoding=\"async\" class=\"alignnone size-full wp-image-1164\" src=\"https:\/\/legisport.com\/wp-content\/uploads\/2019\/09\/rdroitdusportlegisport3coll.jpg\" alt=\"\" width=\"800\" height=\"528\" srcset=\"https:\/\/legisport.com\/wp-content\/uploads\/2019\/09\/rdroitdusportlegisport3coll.jpg 800w, https:\/\/legisport.com\/wp-content\/uploads\/2019\/09\/rdroitdusportlegisport3coll-300x198.jpg 300w, https:\/\/legisport.com\/wp-content\/uploads\/2019\/09\/rdroitdusportlegisport3coll-768x507.jpg 768w\" sizes=\"auto, (max-width: 800px) 100vw, 800px\" \/><\/p>\n<p><strong>2007\/ Marseille<\/strong><br \/>\n<strong>Th\u00e8me : Sport et Nationalit\u00e9s : la mondialisation du march\u00e9 du travail des sportifs \u00e9trangers<\/strong><br \/>\nAvec Guy Brun, Pr\u00e9sident de l\u2019Office de Coop\u00e9ration Economique (OCE), Robert-Pierre Vigouroux, ancien S\u00e9nateur-Maire de Marseille, Fran\u00e7ois Massey, directeur r\u00e9gional de la jeunesse et des sports PACA<\/p>\n<p><strong>2008 \/ Paris<\/strong><br \/>\n<strong>Th\u00e8me : Sport et Nationalit\u00e9s : faut-il prot\u00e9ger l\u2019identit\u00e9 nationale ? \u00bb<\/strong><br \/>\nAvec Pascal Boniface, directeur de l\u2019Institut de relations internationales et strat\u00e9giques, \u00e0 Paris.<\/p>\n<p><strong>2008 \/ Marseille<\/strong><br \/>\n<strong>Th\u00e8me : Sport et Europe : l\u2019impossible retour des quotas<\/strong><br \/>\nAvec Jacques Roux, directeur d\u2019Africa TV sports, et Faouzi Mahjoub, journaliste.<\/p>\n<p><strong>2008 \/ Universit\u00e9 de Nanterre Paris Ouest Th\u00e8me : Sport et Nationalit\u00e9s : que vaut le sport fran\u00e7ais en 2008 face \u00e0 l\u2019Europe ?<\/strong><br \/>\nAvec Bernadette Madeuf, pr\u00e9sidente de l\u2019Universit\u00e9, Youcef Fates, professeur, Catherine Th\u00e8ves, directeur de la Jeunesse et Sports<\/p>\n<p><strong>2009 \/ Paris (S\u00e9nat)<\/strong><br \/>\n<strong>Th\u00e8me : Sport et Nationalit\u00e9s : l\u2019influence des joueurs \u00e9trangers dans les Championnats<\/strong><br \/>\nAvec le patronage de Jean Faure, pr\u00e9sident du Groupe d\u2019\u00e9tude du sport du S\u00e9nat.<\/p>\n<p><strong>2010 \/ Marseille<\/strong><br \/>\n<strong>Th\u00e8me : Sport, Europe et M\u00e9diterran\u00e9e<\/strong><br \/>\nAvec Nasri Marco, pr\u00e9sident du Centre d\u2019arbitrage et des litiges internationaux et sportifs de Sharm el Sheikh (SHIAC), Abdelyamine Boudaoud, vice-pr\u00e9sident de l\u2019Assembl\u00e9e populaire nationale alg\u00e9rienne, Monique Beltrame, pr\u00e9sidente du Comit\u00e9 Europ\u00e9en.<\/p>\n<p><strong>2011 \/ Paris<\/strong><br \/>\n<strong>Th\u00e8me : Sport et Nationalit\u00e9s : le sportif face au sport globalis\u00e9<\/strong><\/p>\n<p><strong>2011 \/ Paris, Universit\u00e9 Paris VIII<\/strong><br \/>\n<strong>Th\u00e8me : Sport et Nationalit\u00e9s, la libert\u00e9 de circulation des joueurs \u00e9trangers<\/strong><br \/>\nAvec A\u00efssa Kadri, directeur de l\u2019Institut Maghreb-Europe, Didier Rey et Youcef Fates, Professeurs.<\/p>\n<p><strong>2012 \/ Paris, stade de Roland Garros<\/strong><br \/>\n<strong>Th\u00e8me : Sport et Nationalit\u00e9s, une mondialisation r\u00e9ussie<\/strong><br \/>\nAvec Sacha Genot, Agora du sport.<\/p>\n<p><strong>2013 \/ Paris, stade Roland Garros<\/strong><br \/>\n<strong>Th\u00e8me : Sport et Nationalit\u00e9s, la v\u00e9rit\u00e9 sur la d\u00e9pendance du sport fran\u00e7ais et europ\u00e9en<\/strong><br \/>\nAvec Didier Besseyre, pr\u00e9sident des F\u00e9d\u00e9rations fran\u00e7aise, europ\u00e9enne et mondiale du sport d\u2019entreprise..<\/p>\n<p><strong>2014 \/ Paris (Press Club)<\/strong><br \/>\n<strong>Th\u00e8me : Sport et Nationalit\u00e9s, quelle place pour les joueurs \u00e9trangers ?<\/strong><br \/>\nAvec Abdelyamine Boudaoud, vice \u2013 pr\u00e9sident de l\u2019Assembl\u00e9e populaire nationale alg\u00e9rienne.<\/p>\n<p><strong>2016 \/ Marseille<\/strong><br \/>\n<strong>Th\u00e8me : Sport et Nationalit\u00e9s, la multinationalit\u00e9 des \u00e9quipes<\/strong><br \/>\nAvec Michel Hidalgo, s\u00e9lectionneur de l\u2019\u00e9quipe de France championne d\u2019Europe 1984, Pape Diouf, pr\u00e9sident de l\u2019Olympique de Marseille.<\/p>\n<p><strong>2017 \/ Marseille<\/strong><br \/>\n<strong>Th\u00e8me : Sport, Europe et M\u00e9diterran\u00e9e<\/strong><br \/>\nOuverture du Colloque par Denis Masseglia, pr\u00e9sident du Comit\u00e9 national olympique sportif fran\u00e7ais. Avec la participation de repr\u00e9sentants de pays de la M\u00e9diterran\u00e9e.<\/p>\n<p><strong>2017 \/ Paris<\/strong><br \/>\n<strong>Th\u00e8me : Sport et Nationalit\u00e9s, le sport fran\u00e7ais doit-il craindre la mondialisation ?<\/strong><br \/>\nAvec Jean-Pierre Mougin, Vice-Pr\u00e9sident du Comit\u00e9 National Olympique et Sportif Fran\u00e7ais, Pierre Fran\u00e7ois, Inspecteur g\u00e9n\u00e9ral Jeunesse et Sports, Comit\u00e9 d\u2019histoire du sport.<\/p>\n<p><strong>2019\/Marseille<\/strong><br \/>\n<strong>Th\u00e8me : Le sport, le grand absent des \u00e9lections europ\u00e9ennes<\/strong><\/p>\n<p><strong>SI VOUS ETES INTERESSE(E) PAR CES COLLOQUES, VOUS POUVEZ VOUS ADRESSER A LEGISPORT<\/strong><\/p>\n<p><strong>Contact : legisport@wanadoo.fr<\/strong><\/p>\n","protected":false},"excerpt":{"rendered":"<p>LES COLLOQUES LEGISPORT -&gt;LEGISPORT \u00e0 la une d\u2019un espace de rencontres et de r\u00e9flexion depuis 1991. Nous nous sommes tr\u00e8s vite appuy\u00e9s sur l\u2019organisation de colloques. Nous n\u2019avons pas \u00e9t\u00e9 les organisateurs du premier. En effet, nous avons d\u2019abord particip\u00e9 \u00e0 un colloque organis\u00e9 par Communica Sport (Richard Astre \u2013 Jean Paul Jorge) \u00e0 Blagnac. [&hellip;]<\/p>\n","protected":false},"author":1,"featured_media":0,"parent":0,"menu_order":10,"comment_status":"closed","ping_status":"closed","template":"","meta":{"footnotes":""},"class_list":["post-24","page","type-page","status-publish","hentry","basic-color-border"],"yoast_head":"<!-- This site is optimized with the Yoast SEO plugin v17.4 - https:\/\/yoast.com\/wordpress\/plugins\/seo\/ -->\n<meta name=\"robots\" content=\"index, follow, max-snippet:-1, max-image-preview:large, max-video-preview:-1\" \/>\n<link rel=\"canonical\" href=\"https:\/\/legisport.com\/index.php\/colloques\/\" \/>\n<meta property=\"og:locale\" content=\"fr_FR\" \/>\n<meta property=\"og:type\" content=\"article\" \/>\n<meta property=\"og:title\" content=\"colloques - droit du sport - legisport\" \/>\n<meta property=\"og:description\" content=\"LES COLLOQUES LEGISPORT -&gt;LEGISPORT \u00e0 la une d\u2019un espace de rencontres et de r\u00e9flexion depuis 1991. Nous nous sommes tr\u00e8s vite appuy\u00e9s sur l\u2019organisation de colloques. Nous n\u2019avons pas \u00e9t\u00e9 les organisateurs du premier. En effet, nous avons d\u2019abord particip\u00e9 \u00e0 un colloque organis\u00e9 par Communica Sport (Richard Astre \u2013 Jean Paul Jorge) \u00e0 Blagnac. [&hellip;]\" \/>\n<meta property=\"og:url\" content=\"https:\/\/legisport.com\/index.php\/colloques\/\" \/>\n<meta property=\"og:site_name\" content=\"legisport\" \/>\n<meta property=\"article:modified_time\" content=\"2020-01-05T16:28:32+00:00\" \/>\n<meta property=\"og:image\" content=\"http:\/\/legisport.com\/wp-content\/uploads\/2019\/09\/rdroitdusportlegisport4coll.jpg\" \/>\n<meta name=\"twitter:card\" content=\"summary_large_image\" \/>\n<meta name=\"twitter:label1\" content=\"Dur\u00e9e de lecture est.\" \/>\n\t<meta name=\"twitter:data1\" content=\"5 minutes\" \/>\n<script type=\"application\/ld+json\" class=\"yoast-schema-graph\">{\"@context\":\"https:\/\/schema.org\",\"@graph\":[{\"@type\":\"WebSite\",\"@id\":\"https:\/\/legisport.com\/#website\",\"url\":\"https:\/\/legisport.com\/\",\"name\":\"legisport\",\"description\":\"1991 : fondation de LEGISPORT. 1996 : lancement du bulletin d&#039;informations juridiques sportives LEGISPORT. Tout sur le droit du sport.\",\"potentialAction\":[{\"@type\":\"SearchAction\",\"target\":{\"@type\":\"EntryPoint\",\"urlTemplate\":\"https:\/\/legisport.com\/?s={search_term_string}\"},\"query-input\":\"required name=search_term_string\"}],\"inLanguage\":\"fr-FR\"},{\"@type\":\"ImageObject\",\"@id\":\"https:\/\/legisport.com\/index.php\/colloques\/#primaryimage\",\"inLanguage\":\"fr-FR\",\"url\":\"http:\/\/legisport.com\/wp-content\/uploads\/2019\/09\/rdroitdusportlegisport4coll.jpg\",\"contentUrl\":\"http:\/\/legisport.com\/wp-content\/uploads\/2019\/09\/rdroitdusportlegisport4coll.jpg\"},{\"@type\":\"WebPage\",\"@id\":\"https:\/\/legisport.com\/index.php\/colloques\/#webpage\",\"url\":\"https:\/\/legisport.com\/index.php\/colloques\/\",\"name\":\"colloques - droit du sport - legisport\",\"isPartOf\":{\"@id\":\"https:\/\/legisport.com\/#website\"},\"primaryImageOfPage\":{\"@id\":\"https:\/\/legisport.com\/index.php\/colloques\/#primaryimage\"},\"datePublished\":\"2015-12-10T18:06:47+00:00\",\"dateModified\":\"2020-01-05T16:28:32+00:00\",\"breadcrumb\":{\"@id\":\"https:\/\/legisport.com\/index.php\/colloques\/#breadcrumb\"},\"inLanguage\":\"fr-FR\",\"potentialAction\":[{\"@type\":\"ReadAction\",\"target\":[\"https:\/\/legisport.com\/index.php\/colloques\/\"]}]},{\"@type\":\"BreadcrumbList\",\"@id\":\"https:\/\/legisport.com\/index.php\/colloques\/#breadcrumb\",\"itemListElement\":[{\"@type\":\"ListItem\",\"position\":1,\"name\":\"Accueil\",\"item\":\"https:\/\/legisport.com\/\"},{\"@type\":\"ListItem\",\"position\":2,\"name\":\"colloques &#8211; droit du sport\"}]}]}<\/script>\n<!-- \/ Yoast SEO plugin. -->","yoast_head_json":{"robots":{"index":"index","follow":"follow","max-snippet":"max-snippet:-1","max-image-preview":"max-image-preview:large","max-video-preview":"max-video-preview:-1"},"canonical":"https:\/\/legisport.com\/index.php\/colloques\/","og_locale":"fr_FR","og_type":"article","og_title":"colloques - droit du sport - legisport","og_description":"LES COLLOQUES LEGISPORT -&gt;LEGISPORT \u00e0 la une d\u2019un espace de rencontres et de r\u00e9flexion depuis 1991. Nous nous sommes tr\u00e8s vite appuy\u00e9s sur l\u2019organisation de colloques. Nous n\u2019avons pas \u00e9t\u00e9 les organisateurs du premier. En effet, nous avons d\u2019abord particip\u00e9 \u00e0 un colloque organis\u00e9 par Communica Sport (Richard Astre \u2013 Jean Paul Jorge) \u00e0 Blagnac. [&hellip;]","og_url":"https:\/\/legisport.com\/index.php\/colloques\/","og_site_name":"legisport","article_modified_time":"2020-01-05T16:28:32+00:00","og_image":[{"url":"http:\/\/legisport.com\/wp-content\/uploads\/2019\/09\/rdroitdusportlegisport4coll.jpg"}],"twitter_card":"summary_large_image","twitter_misc":{"Dur\u00e9e de lecture est.":"5 minutes"},"schema":{"@context":"https:\/\/schema.org","@graph":[{"@type":"WebSite","@id":"https:\/\/legisport.com\/#website","url":"https:\/\/legisport.com\/","name":"legisport","description":"1991 : fondation de LEGISPORT. 1996 : lancement du bulletin d&#039;informations juridiques sportives LEGISPORT. Tout sur le droit du sport.","potentialAction":[{"@type":"SearchAction","target":{"@type":"EntryPoint","urlTemplate":"https:\/\/legisport.com\/?s={search_term_string}"},"query-input":"required name=search_term_string"}],"inLanguage":"fr-FR"},{"@type":"ImageObject","@id":"https:\/\/legisport.com\/index.php\/colloques\/#primaryimage","inLanguage":"fr-FR","url":"http:\/\/legisport.com\/wp-content\/uploads\/2019\/09\/rdroitdusportlegisport4coll.jpg","contentUrl":"http:\/\/legisport.com\/wp-content\/uploads\/2019\/09\/rdroitdusportlegisport4coll.jpg"},{"@type":"WebPage","@id":"https:\/\/legisport.com\/index.php\/colloques\/#webpage","url":"https:\/\/legisport.com\/index.php\/colloques\/","name":"colloques - droit du sport - legisport","isPartOf":{"@id":"https:\/\/legisport.com\/#website"},"primaryImageOfPage":{"@id":"https:\/\/legisport.com\/index.php\/colloques\/#primaryimage"},"datePublished":"2015-12-10T18:06:47+00:00","dateModified":"2020-01-05T16:28:32+00:00","breadcrumb":{"@id":"https:\/\/legisport.com\/index.php\/colloques\/#breadcrumb"},"inLanguage":"fr-FR","potentialAction":[{"@type":"ReadAction","target":["https:\/\/legisport.com\/index.php\/colloques\/"]}]},{"@type":"BreadcrumbList","@id":"https:\/\/legisport.com\/index.php\/colloques\/#breadcrumb","itemListElement":[{"@type":"ListItem","position":1,"name":"Accueil","item":"https:\/\/legisport.com\/"},{"@type":"ListItem","position":2,"name":"colloques &#8211; droit du sport"}]}]}},"_links":{"self":[{"href":"https:\/\/legisport.com\/index.php\/wp-json\/wp\/v2\/pages\/24","targetHints":{"allow":["GET"]}}],"collection":[{"href":"https:\/\/legisport.com\/index.php\/wp-json\/wp\/v2\/pages"}],"about":[{"href":"https:\/\/legisport.com\/index.php\/wp-json\/wp\/v2\/types\/page"}],"author":[{"embeddable":true,"href":"https:\/\/legisport.com\/index.php\/wp-json\/wp\/v2\/users\/1"}],"replies":[{"embeddable":true,"href":"https:\/\/legisport.com\/index.php\/wp-json\/wp\/v2\/comments?post=24"}],"version-history":[{"count":9,"href":"https:\/\/legisport.com\/index.php\/wp-json\/wp\/v2\/pages\/24\/revisions"}],"predecessor-version":[{"id":1285,"href":"https:\/\/legisport.com\/index.php\/wp-json\/wp\/v2\/pages\/24\/revisions\/1285"}],"wp:attachment":[{"href":"https:\/\/legisport.com\/index.php\/wp-json\/wp\/v2\/media?parent=24"}],"curies":[{"name":"wp","href":"https:\/\/api.w.org\/{rel}","templated":true}]}}