{"id":14,"date":"2015-12-10T18:05:43","date_gmt":"2015-12-10T18:05:43","guid":{"rendered":"http:\/\/legisport.com\/?page_id=14"},"modified":"2025-10-02T16:35:55","modified_gmt":"2025-10-02T14:35:55","slug":"video","status":"publish","type":"page","link":"https:\/\/legisport.com\/index.php\/video\/","title":{"rendered":"vid\u00e9o dans le foot"},"content":{"rendered":"<p><img loading=\"lazy\" decoding=\"async\" class=\"size-medium wp-image-1621 aligncenter\" src=\"https:\/\/legisport.com\/wp-content\/uploads\/2021\/02\/br20210111_0924150-300x225.jpg\" alt=\"\" width=\"300\" height=\"225\" srcset=\"https:\/\/legisport.com\/wp-content\/uploads\/2021\/02\/br20210111_0924150-300x225.jpg 300w, https:\/\/legisport.com\/wp-content\/uploads\/2021\/02\/br20210111_0924150-768x576.jpg 768w, https:\/\/legisport.com\/wp-content\/uploads\/2021\/02\/br20210111_0924150.jpg 1024w\" sizes=\"auto, (max-width: 300px) 100vw, 300px\" \/><\/p>\n<p><strong>Les combats de Ma\u00eetre Michel Pautot et de LEGISPORT\u00a0 : la vid\u00e9o partout dans le monde entier dans toutes les comp\u00e9titions professionnelles et donnons l&rsquo;acc\u00e8s \u00e0 la vid\u00e9o au Capitaine !!!<\/strong><\/p>\n<p>La vid\u00e9o est aujourd\u2019hui au centre du jeu. Ce n\u2019est pas une surprise. D\u00e9j\u00e0, lors de la Coupe du Monde de football 2018 disput\u00e9e en Russie, le recours \u00e0 la vid\u00e9o a eu des incidences sur de nombreuses rencontres (France-Australie, Su\u00e8de-Cor\u00e9e du Sud, Cor\u00e9e du Sud-Allemagne, France-Croatie\u2026) et le journal espagnol \u00ab As \u00bb n\u2019avait pas h\u00e9sit\u00e9 \u00e0 titrer : \u00ab Francia gana el Mundial del Var \u00bb. C\u2019est dire l\u2019importance de la VAR. La VAR a tellement \u00ab frapp\u00e9 \u00bb que les critiques fusent : le recours \u00e0 la vid\u00e9o est trop fr\u00e9quent, s\u00e9v\u00e8re ou la VAR n\u2019a pas \u00e9t\u00e9 utilis\u00e9e suivant les situations de jeu concern\u00e9es !!! De m\u00eame, entend-on ici et l\u00e0, certaines s\u00e9lections sont favoris\u00e9es, d\u2019autres sont d\u00e9favoris\u00e9es par la vid\u00e9o.<\/p>\n<p>Le but de la vid\u00e9o et de limiter les injustices et elle doit permettre aux arbitres de prendre les bonnes d\u00e9cisions. Malgr\u00e9 les critiques point\u00e9es par certains, la vid\u00e9o est un progr\u00e8s incontestable et une avanc\u00e9e majeure. La vid\u00e9o est in\u00e9luctable malgr\u00e9 les pol\u00e9miques.<\/p>\n<p><strong>Deux propositions ont \u00e9t\u00e9 lanc\u00e9es par Ma\u00eetre Michel Pautot :<\/strong><\/p>\n<p>-Nous estimons que <em><strong>la vid\u00e9o doit \u00eatre institu\u00e9e, partout dans le monde. Elle doit \u00eatre g\u00e9n\u00e9ralis\u00e9e dans tous les pays, dans tous les continents et toutes les comp\u00e9titions professionnelles<\/strong><\/em>.<\/p>\n<p>C\u2019est vrai que dans les mois et ann\u00e9es \u00e0 venir, le comportement des joueurs(ses) va \u00e9voluer sous la pression des images de la vid\u00e9o, les hors-jeu, les fautes de la main, les brutalit\u00e9s, les comportements des gardiens lors de p\u00e9naltys\u2026.<\/p>\n<p>C\u2019est pourquoi nous estimons que le sport doit sans cesse innover et l\u2019arbitrage doit constituer la partie int\u00e9grante de l\u2019innovation sportive.<\/p>\n<p>-D\u2019o\u00f9 notre deuxi\u00e8me proposition qui m\u00e9rite attention: <strong>la vid\u00e9o doit \u00e9voluer et ne doit pas \u00eatre r\u00e9serv\u00e9e aux seuls arbitres. Nous estimons que le Capitaine de l\u2019 \u00e9quipe de football (club ou s\u00e9lection) doit pouvoir acc\u00e9der \u00e0 la vid\u00e9o, ce qui n\u2019est pas le cas aujourd\u2019hui<\/strong>.<\/p>\n<p>Cette proposition m\u00e9rite d\u2019\u00eatre retenue et exp\u00e9riment\u00e9e et nous n\u2019avons pas peur de poser la question, m\u00eame si celle-ci fait \u00ab peur \u00bb : pourquoi refuser l\u2019acc\u00e8s \u00e0 la vid\u00e9o au Capitaine ? Ne voyons pas cela comme une restriction des pouvoirs des arbitres mais plut\u00f4t comme une aide suppl\u00e9mentaire aux arbitres.<\/p>\n<p>De m\u00eame, le Capitaine pourrait demander la vid\u00e9o pour les commotions c\u00e9r\u00e9brales.<\/p>\n<p>Ce sont toutes ces mesures (g\u00e9n\u00e9ralisation de la vid\u00e9o dans toutes les comp\u00e9titions dans le monde, acc\u00e8s du Capitaine \u00e0 la vid\u00e9o) que nous avons propos\u00e9es lors de diff\u00e9rents\u00a0 Congr\u00e8s internationaux, tant en France qu&rsquo;\u00e0 l&rsquo;\u00e9tranger.<\/p>\n<p>Avec LEGISPORT, nous militons pour la g\u00e9n\u00e9ralisation de la vid\u00e9o depuis des ann\u00e9es.<\/p>\n<p>En septembre 2010 \u00e0 la suite de la Coupe du Monde en Afrique du Sud, nous avons lanc\u00e9 une p\u00e9tition pour l\u2019institution de la vid\u00e9o qui a \u00e9t\u00e9 relay\u00e9e dans plusieurs pays puis en 2015, nous avons saisi les instances mondiales du football (la Fifa, F\u00e9d\u00e9ration internationale de football et l\u2019Ifab, International football association board) pour demander la g\u00e9n\u00e9ralisation de la vid\u00e9o dans tous les pays et dans tous les continents pour des situations de jeu pr\u00e9cises : le franchissement de la ligne de but, l\u2019expulsion, la faute de la main, le p\u00e9nalty, la brutalit\u00e9 et le hors-jeu.<\/p>\n<p><em>Ci-joint, article publi\u00e9 par La Provence le 2 Mars 2011<\/em><\/p>\n<p><img loading=\"lazy\" decoding=\"async\" class=\"size-medium wp-image-779 alignleft\" src=\"https:\/\/legisport.com\/wp-content\/uploads\/2018\/06\/Provence02032011-164x300.jpg\" alt=\"\" width=\"164\" height=\"300\" srcset=\"https:\/\/legisport.com\/wp-content\/uploads\/2018\/06\/Provence02032011-164x300.jpg 164w, https:\/\/legisport.com\/wp-content\/uploads\/2018\/06\/Provence02032011-768x1403.jpg 768w, https:\/\/legisport.com\/wp-content\/uploads\/2018\/06\/Provence02032011-560x1024.jpg 560w, https:\/\/legisport.com\/wp-content\/uploads\/2018\/06\/Provence02032011.jpg 1141w\" sizes=\"auto, (max-width: 164px) 100vw, 164px\" \/><\/p>\n<p>Avec Ma\u00eetre Michel Pautot, le c\u00e9l\u00e8bre avocat, LEGISPORT avait lanc\u00e9 plusieurs p\u00e9titions en faveur de la vid\u00e9o, dont celle en Avril 2015 qui demandait la g\u00e9n\u00e9ralisation de la vid\u00e9o selon des modalit\u00e9s \u00e0 d\u00e9finir pour les situations de jeu suivantes : franchissement de la ligne de but, expulsion, faute de la main, p\u00e9nalty, brutalit\u00e9 et hors-jeu.<\/p>\n<p>Le 7 Octobre 2015, l&rsquo;International Football Association Board \u00e9crivait \u00e0 LEGISPORT\u00a0 : <em>\u00ab\u00a0&#8230;.Nous sommes toujours heureux de constater que, partout dans le monde, des personnes se soucient du football et partagent une m\u00eame passion qui les pousse \u00e0 chercher \u00e0 d\u00e9velopper et \u00e0 am\u00e9liorer le beau jeu en proposant de nouvelles approches&#8230; Nous vous souhaitons toute la r\u00e9ussite possible dans vos projets et nous vous remercions \u00e0 nouveau de l&rsquo;int\u00e9r\u00eat dont vous nous avez t\u00e9moign\u00e9\u00a0\u00bb.<\/em><\/p>\n<p><strong>Contact : Ma\u00eetre Michel Pautot \/ mail : legisport@wanadoo.fr<\/strong><\/p>\n","protected":false},"excerpt":{"rendered":"<p>Les combats de Ma\u00eetre Michel Pautot et de LEGISPORT\u00a0 : la vid\u00e9o partout dans le monde entier dans toutes les comp\u00e9titions professionnelles et donnons l&rsquo;acc\u00e8s \u00e0 la vid\u00e9o au Capitaine !!! La vid\u00e9o est aujourd\u2019hui au centre du jeu. Ce n\u2019est pas une surprise. D\u00e9j\u00e0, lors de la Coupe du Monde de football 2018 disput\u00e9e [&hellip;]<\/p>\n","protected":false},"author":1,"featured_media":0,"parent":0,"menu_order":5,"comment_status":"closed","ping_status":"closed","template":"","meta":{"footnotes":""},"class_list":["post-14","page","type-page","status-publish","hentry","basic-color-border"],"yoast_head":"<!-- This site is optimized with the Yoast SEO plugin v17.4 - https:\/\/yoast.com\/wordpress\/plugins\/seo\/ -->\n<meta name=\"robots\" content=\"index, follow, max-snippet:-1, max-image-preview:large, max-video-preview:-1\" \/>\n<link rel=\"canonical\" href=\"https:\/\/legisport.com\/index.php\/video\/\" \/>\n<meta property=\"og:locale\" content=\"fr_FR\" \/>\n<meta property=\"og:type\" content=\"article\" \/>\n<meta property=\"og:title\" content=\"vid\u00e9o dans le foot - legisport\" \/>\n<meta property=\"og:description\" content=\"Les combats de Ma\u00eetre Michel Pautot et de LEGISPORT\u00a0 : la vid\u00e9o partout dans le monde entier dans toutes les comp\u00e9titions professionnelles et donnons l&rsquo;acc\u00e8s \u00e0 la vid\u00e9o au Capitaine !!! La vid\u00e9o est aujourd\u2019hui au centre du jeu. Ce n\u2019est pas une surprise. D\u00e9j\u00e0, lors de la Coupe du Monde de football 2018 disput\u00e9e [&hellip;]\" \/>\n<meta property=\"og:url\" content=\"https:\/\/legisport.com\/index.php\/video\/\" \/>\n<meta property=\"og:site_name\" content=\"legisport\" \/>\n<meta property=\"article:modified_time\" content=\"2025-10-02T14:35:55+00:00\" \/>\n<meta property=\"og:image\" content=\"http:\/\/legisport.com\/wp-content\/uploads\/2021\/02\/br20210111_0924150-300x225.jpg\" \/>\n<meta name=\"twitter:card\" content=\"summary_large_image\" \/>\n<meta name=\"twitter:label1\" content=\"Dur\u00e9e de lecture est.\" \/>\n\t<meta name=\"twitter:data1\" content=\"4 minutes\" \/>\n<script type=\"application\/ld+json\" class=\"yoast-schema-graph\">{\"@context\":\"https:\/\/schema.org\",\"@graph\":[{\"@type\":\"WebSite\",\"@id\":\"https:\/\/legisport.com\/#website\",\"url\":\"https:\/\/legisport.com\/\",\"name\":\"legisport\",\"description\":\"1991 : fondation de LEGISPORT. 1996 : lancement du bulletin d&#039;informations juridiques sportives LEGISPORT. Tout sur le droit du sport.\",\"potentialAction\":[{\"@type\":\"SearchAction\",\"target\":{\"@type\":\"EntryPoint\",\"urlTemplate\":\"https:\/\/legisport.com\/?s={search_term_string}\"},\"query-input\":\"required name=search_term_string\"}],\"inLanguage\":\"fr-FR\"},{\"@type\":\"ImageObject\",\"@id\":\"https:\/\/legisport.com\/index.php\/video\/#primaryimage\",\"inLanguage\":\"fr-FR\",\"url\":\"http:\/\/legisport.com\/wp-content\/uploads\/2021\/02\/br20210111_0924150-300x225.jpg\",\"contentUrl\":\"http:\/\/legisport.com\/wp-content\/uploads\/2021\/02\/br20210111_0924150-300x225.jpg\"},{\"@type\":\"WebPage\",\"@id\":\"https:\/\/legisport.com\/index.php\/video\/#webpage\",\"url\":\"https:\/\/legisport.com\/index.php\/video\/\",\"name\":\"vid\\u00e9o dans le foot - legisport\",\"isPartOf\":{\"@id\":\"https:\/\/legisport.com\/#website\"},\"primaryImageOfPage\":{\"@id\":\"https:\/\/legisport.com\/index.php\/video\/#primaryimage\"},\"datePublished\":\"2015-12-10T18:05:43+00:00\",\"dateModified\":\"2025-10-02T14:35:55+00:00\",\"breadcrumb\":{\"@id\":\"https:\/\/legisport.com\/index.php\/video\/#breadcrumb\"},\"inLanguage\":\"fr-FR\",\"potentialAction\":[{\"@type\":\"ReadAction\",\"target\":[\"https:\/\/legisport.com\/index.php\/video\/\"]}]},{\"@type\":\"BreadcrumbList\",\"@id\":\"https:\/\/legisport.com\/index.php\/video\/#breadcrumb\",\"itemListElement\":[{\"@type\":\"ListItem\",\"position\":1,\"name\":\"Accueil\",\"item\":\"https:\/\/legisport.com\/\"},{\"@type\":\"ListItem\",\"position\":2,\"name\":\"vid\\u00e9o dans le foot\"}]}]}<\/script>\n<!-- \/ Yoast SEO plugin. -->","yoast_head_json":{"robots":{"index":"index","follow":"follow","max-snippet":"max-snippet:-1","max-image-preview":"max-image-preview:large","max-video-preview":"max-video-preview:-1"},"canonical":"https:\/\/legisport.com\/index.php\/video\/","og_locale":"fr_FR","og_type":"article","og_title":"vid\u00e9o dans le foot - legisport","og_description":"Les combats de Ma\u00eetre Michel Pautot et de LEGISPORT\u00a0 : la vid\u00e9o partout dans le monde entier dans toutes les comp\u00e9titions professionnelles et donnons l&rsquo;acc\u00e8s \u00e0 la vid\u00e9o au Capitaine !!! La vid\u00e9o est aujourd\u2019hui au centre du jeu. Ce n\u2019est pas une surprise. D\u00e9j\u00e0, lors de la Coupe du Monde de football 2018 disput\u00e9e [&hellip;]","og_url":"https:\/\/legisport.com\/index.php\/video\/","og_site_name":"legisport","article_modified_time":"2025-10-02T14:35:55+00:00","og_image":[{"url":"http:\/\/legisport.com\/wp-content\/uploads\/2021\/02\/br20210111_0924150-300x225.jpg"}],"twitter_card":"summary_large_image","twitter_misc":{"Dur\u00e9e de lecture est.":"4 minutes"},"schema":{"@context":"https:\/\/schema.org","@graph":[{"@type":"WebSite","@id":"https:\/\/legisport.com\/#website","url":"https:\/\/legisport.com\/","name":"legisport","description":"1991 : fondation de LEGISPORT. 1996 : lancement du bulletin d&#039;informations juridiques sportives LEGISPORT. Tout sur le droit du sport.","potentialAction":[{"@type":"SearchAction","target":{"@type":"EntryPoint","urlTemplate":"https:\/\/legisport.com\/?s={search_term_string}"},"query-input":"required name=search_term_string"}],"inLanguage":"fr-FR"},{"@type":"ImageObject","@id":"https:\/\/legisport.com\/index.php\/video\/#primaryimage","inLanguage":"fr-FR","url":"http:\/\/legisport.com\/wp-content\/uploads\/2021\/02\/br20210111_0924150-300x225.jpg","contentUrl":"http:\/\/legisport.com\/wp-content\/uploads\/2021\/02\/br20210111_0924150-300x225.jpg"},{"@type":"WebPage","@id":"https:\/\/legisport.com\/index.php\/video\/#webpage","url":"https:\/\/legisport.com\/index.php\/video\/","name":"vid\u00e9o dans le foot - legisport","isPartOf":{"@id":"https:\/\/legisport.com\/#website"},"primaryImageOfPage":{"@id":"https:\/\/legisport.com\/index.php\/video\/#primaryimage"},"datePublished":"2015-12-10T18:05:43+00:00","dateModified":"2025-10-02T14:35:55+00:00","breadcrumb":{"@id":"https:\/\/legisport.com\/index.php\/video\/#breadcrumb"},"inLanguage":"fr-FR","potentialAction":[{"@type":"ReadAction","target":["https:\/\/legisport.com\/index.php\/video\/"]}]},{"@type":"BreadcrumbList","@id":"https:\/\/legisport.com\/index.php\/video\/#breadcrumb","itemListElement":[{"@type":"ListItem","position":1,"name":"Accueil","item":"https:\/\/legisport.com\/"},{"@type":"ListItem","position":2,"name":"vid\u00e9o dans le foot"}]}]}},"_links":{"self":[{"href":"https:\/\/legisport.com\/index.php\/wp-json\/wp\/v2\/pages\/14","targetHints":{"allow":["GET"]}}],"collection":[{"href":"https:\/\/legisport.com\/index.php\/wp-json\/wp\/v2\/pages"}],"about":[{"href":"https:\/\/legisport.com\/index.php\/wp-json\/wp\/v2\/types\/page"}],"author":[{"embeddable":true,"href":"https:\/\/legisport.com\/index.php\/wp-json\/wp\/v2\/users\/1"}],"replies":[{"embeddable":true,"href":"https:\/\/legisport.com\/index.php\/wp-json\/wp\/v2\/comments?post=14"}],"version-history":[{"count":15,"href":"https:\/\/legisport.com\/index.php\/wp-json\/wp\/v2\/pages\/14\/revisions"}],"predecessor-version":[{"id":3630,"href":"https:\/\/legisport.com\/index.php\/wp-json\/wp\/v2\/pages\/14\/revisions\/3630"}],"wp:attachment":[{"href":"https:\/\/legisport.com\/index.php\/wp-json\/wp\/v2\/media?parent=14"}],"curies":[{"name":"wp","href":"https:\/\/api.w.org\/{rel}","templated":true}]}}