{"id":12,"date":"2015-12-10T18:05:30","date_gmt":"2015-12-10T18:05:30","guid":{"rendered":"http:\/\/legisport.com\/?page_id=12"},"modified":"2022-10-04T18:45:40","modified_gmt":"2022-10-04T16:45:40","slug":"sport-et-nationalites","status":"publish","type":"page","link":"https:\/\/legisport.com\/index.php\/sport-et-nationalites\/","title":{"rendered":"sport et nationalit\u00e9s"},"content":{"rendered":"<h2><strong>Avec LEGISPORT, Me Michel Pautot r\u00e9alise annuellement l&rsquo;\u00e9tude \u00ab\u00a0Sport et Nationalit\u00e9s\u00a0\u00bb depuis vingt ann\u00e9es.<\/strong><\/h2>\n<h2><img loading=\"lazy\" decoding=\"async\" class=\"alignnone size-full wp-image-1600\" src=\"https:\/\/legisport.com\/wp-content\/uploads\/2020\/12\/michelpautot.jpg\" alt=\"\" width=\"1080\" height=\"1920\" srcset=\"https:\/\/legisport.com\/wp-content\/uploads\/2020\/12\/michelpautot.jpg 1080w, https:\/\/legisport.com\/wp-content\/uploads\/2020\/12\/michelpautot-169x300.jpg 169w, https:\/\/legisport.com\/wp-content\/uploads\/2020\/12\/michelpautot-576x1024.jpg 576w, https:\/\/legisport.com\/wp-content\/uploads\/2020\/12\/michelpautot-768x1365.jpg 768w, https:\/\/legisport.com\/wp-content\/uploads\/2020\/12\/michelpautot-864x1536.jpg 864w\" sizes=\"auto, (max-width: 1080px) 100vw, 1080px\" \/><\/h2>\n<h5 style=\"text-align: center;\">A l&rsquo;University of Stirling, Michel Pautot en train de pr\u00e9senter l&rsquo;\u00e9tude LEGISPORT \u00ab\u00a0Sport et Nationalit\u00e9s\u00a0\u00bb<\/h5>\n<h4>\u00a0<\/h4>\n<h1>LEGISPORT en est \u00e0 sa 20\u00e8me \u00e9tude<\/h1>\n<p>\u00a0<\/p>\n<p>Me Michel Pautot est \u00e0 l&rsquo;origine de l&rsquo;arr\u00eat Malaja qui a boulevers\u00e9 le sport professionnel europ\u00e9en.<\/p>\n<p>\u00a0<\/p>\n<p><img loading=\"lazy\" decoding=\"async\" class=\"size-full wp-image-2598 aligncenter\" src=\"https:\/\/legisport.com\/wp-content\/uploads\/2022\/09\/lilia-malaja-et-me-michel-pautot.bmp\" alt=\"\" width=\"378\" height=\"414\" srcset=\"https:\/\/legisport.com\/wp-content\/uploads\/2022\/09\/lilia-malaja-et-me-michel-pautot.bmp 378w, https:\/\/legisport.com\/wp-content\/uploads\/2022\/09\/lilia-malaja-et-me-michel-pautot-274x300.jpg 274w\" sizes=\"auto, (max-width: 378px) 100vw, 378px\" \/><\/p>\n<p style=\"text-align: center;\"><em>Me Michel Pautot avec la basketteuse polonaise Lilia Malaja<\/em><\/p>\n<p>\u00a0<\/p>\n<p>Voici les th\u00e9matiques des \u00e9tudes \u00ab Sport et Nationalit\u00e9s \u00bb :<\/p>\n<p>-\u00ab Malaja\/Cotonou : quel impact dans le sport ? \u00bb, 2003<\/p>\n<p>-\u00ab La mondialisation du sport \u00bb, 2004<\/p>\n<p>-\u00ab Le d\u00e9clin de l\u2019identit\u00e9 nationale face \u00e0 la mondialisation du sport \u00bb, 2005<\/p>\n<p>-\u00ab Le sport peut-il se passer des joueurs \u00e9trangers ? \u00bb, 2006<\/p>\n<p>-\u00ab Faut-il prot\u00e9ger l\u2019identit\u00e9 nationale ? \u00bb, 2007<\/p>\n<p>-\u00ab Que vaut le sport fran\u00e7ais face \u00e0 l\u2019Europe ? \u00bb, 2008<\/p>\n<p>-\u00ab L\u2019influence des joueurs \u00e9trangers dans les Championnats \u00bb, 2009<\/p>\n<p>-\u00ab Le sportif face au sport globalis\u00e9 \u00bb, 2010<\/p>\n<p>-\u00ab Une mondialisation r\u00e9ussie \u00bb, 2011<\/p>\n<p>-\u00ab La v\u00e9rit\u00e9 sur la d\u00e9pendance du sport fran\u00e7ais et europ\u00e9en \u00bb, 2012<\/p>\n<p>-\u00ab Quelle place pour les joueurs \u00e9trangers \u00bb, 2013<\/p>\n<p>-\u00ab Une place limit\u00e9e pour les joueurs europ\u00e9ens ? \u00bb, 2014<\/p>\n<p>-\u00ab La multinationalit\u00e9 des \u00e9quipes \u00bb, 2015<\/p>\n<p>-\u00ab Le made in France perd du terrain \u00bb, 2016<\/p>\n<p>-\u00ab Le sport fran\u00e7ais doit-il craindre la mondialisation ? \u00bb, 2017<\/p>\n<p>-\u00ab Et si les \u00e9quipes compos\u00e9es de joueurs expatri\u00e9s relan\u00e7aient l\u2019Europe ? \u00bb, 2018<\/p>\n<p>-\u00ab La formation menac\u00e9e par la mondialisation ? \u00bb, 2019<\/p>\n<p>-\u00ab L&rsquo;audace de traverser les fronti\u00e8res\u00a0\u00bb, 2020<\/p>\n<p>-\u00ab\u00a0La m\u00e9daille d&rsquo;or de mondialisation\u00a0\u00bb, 2021<\/p>\n<p>-\u00ab\u00a0La lune de miel de la mondialisation du sport continue&#8230;\u00a0\u00bb, 2022<\/p>\n<h4>Mais pourquoi une telle \u00e9tude ? Un colloque organis\u00e9 avec le footballeur Jean-Marc BOSMAN en 1997, puis la victoire avec la basketteuse polonaise Lilia MALAJA (arr\u00eat MALAJA, Conseil d&rsquo;Etat, 30 d\u00e9cembre 2002) !<\/h4>\n<h2><img loading=\"lazy\" decoding=\"async\" class=\"size-full wp-image-1162 alignright\" src=\"https:\/\/legisport.com\/wp-content\/uploads\/2019\/09\/rdroitdusportlegisport1coll.jpg\" alt=\"\" width=\"645\" height=\"600\" srcset=\"https:\/\/legisport.com\/wp-content\/uploads\/2019\/09\/rdroitdusportlegisport1coll.jpg 645w, https:\/\/legisport.com\/wp-content\/uploads\/2019\/09\/rdroitdusportlegisport1coll-300x279.jpg 300w\" sizes=\"auto, (max-width: 645px) 100vw, 645px\" \/><\/h2>\n<h2><img loading=\"lazy\" decoding=\"async\" class=\"size-full wp-image-1164 aligncenter\" src=\"https:\/\/legisport.com\/wp-content\/uploads\/2019\/09\/rdroitdusportlegisport3coll.jpg\" alt=\"\" width=\"800\" height=\"528\" srcset=\"https:\/\/legisport.com\/wp-content\/uploads\/2019\/09\/rdroitdusportlegisport3coll.jpg 800w, https:\/\/legisport.com\/wp-content\/uploads\/2019\/09\/rdroitdusportlegisport3coll-300x198.jpg 300w, https:\/\/legisport.com\/wp-content\/uploads\/2019\/09\/rdroitdusportlegisport3coll-768x507.jpg 768w\" sizes=\"auto, (max-width: 800px) 100vw, 800px\" \/><\/h2>\n<p>Lors de la pr\u00e9sentation, de ces \u00e9tudes, des sportifs de renom et personnalit\u00e9s sont venus dire combien le brassage des nationalit\u00e9s dans une \u00e9quipe pouvait \u00eatre la cl\u00e9 du dynamisme et de la r\u00e9ussite. Retenons les avis de deux grandes personnalit\u00e9s, h\u00e9las d\u00e9c\u00e9d\u00e9es.<\/p>\n<p><strong>Michel Hidalgo, joueur finaliste de la Coupe d\u2019Europe des clubs champions avec le Stade de Reims contre le Real Madrid, pr\u00e9sident de l\u2019Union nationale des footballeurs professionnels et s\u00e9lectionneur de l\u2019\u00e9quipe de France, championne d\u2019Europe en 1984 a soulign\u00e9 \u00ab\u00a0l\u2019utilit\u00e9 de l\u2019\u00e9tude Sport et Nationalit\u00e9s men\u00e9e par L\u00e9gisport, v\u00e9ritable tableau de bord de l\u2019immigration des joueurs \u00e9trangers sur ce qu\u2019est devenue mondialisation du sport\u00a0\u00bb<\/strong> et a donn\u00e9 son avis sur l\u2019internationalisation. \u00ab\u00a0Ca n\u2019est pas en limitant le nombre d\u2019\u00e9trangers dans le Championnat de France qu\u2019on aura une \u00e9quipe de France meilleure. Non, pas du tout, ma position \u00e9tait exactement la m\u00eame lorsque je dirigeais les Bleus. Je pense m\u00eame que la pr\u00e9sence de bons joueurs \u00e9trangers et c\u2019est de plus en plus souvent le cas, est un plus pour l\u2019\u00e9quipe de France\u2026 Les joueurs fran\u00e7ais ne sont pas barr\u00e9s par les \u00e9trangers dans les clubs. Les Italiens sont venus chercher Michel Platini en France, il a brill\u00e9 \u00e0 la Juventus. Les grands clubs europ\u00e9ens recherchent les meilleurs \u00e9trangers comme l\u2019Espagne, l\u2019Angleterre\u2026\u00a0\u00bb.<\/p>\n<p>Pape Diouf, notre ami et compagnon de route depuis les ann\u00e9es 1980, devenu Pr\u00e9sident de l\u2019Olympique de Marseille\u00a0: \u00ab\u00a0Moi, \u00e7a ne me g\u00eane pas du tout si Chelsea pr\u00e9sente une \u00e9quipe de non-Anglais, dans la mesure o\u00f9 le public est pr\u00e9sent, applaudit \u00e0 ses exploits, le probl\u00e8me est r\u00e9gl\u00e9\u00a0\u00bb.<\/p>\n<p><img loading=\"lazy\" decoding=\"async\" class=\"alignnone size-full wp-image-1734\" src=\"https:\/\/legisport.com\/wp-content\/uploads\/2021\/03\/droitdusportMa\u00eetrePautotMichelavecPapeDioiuf-2.jpg\" alt=\"\" width=\"822\" height=\"616\" srcset=\"https:\/\/legisport.com\/wp-content\/uploads\/2021\/03\/droitdusportMa\u00eetrePautotMichelavecPapeDioiuf-2.jpg 822w, https:\/\/legisport.com\/wp-content\/uploads\/2021\/03\/droitdusportMa\u00eetrePautotMichelavecPapeDioiuf-2-300x225.jpg 300w, https:\/\/legisport.com\/wp-content\/uploads\/2021\/03\/droitdusportMa\u00eetrePautotMichelavecPapeDioiuf-2-768x576.jpg 768w\" sizes=\"auto, (max-width: 822px) 100vw, 822px\" \/><\/p>\n<p style=\"text-align: center;\"><em>Me Michel Pautot (LEGISPORT) avec Pape Diouf, ancien Pr\u00e9sident de l&rsquo;Olympique de Marseille<\/em><\/p>\n<p>Le m\u00e9lange des nationalit\u00e9s dans un club et en particulier de football est une r\u00e9alit\u00e9. Des clubs qui ont jou\u00e9 sans joueur national comme Arsenal, le PSG, l\u2019Inter Milan peuvent \u00eatre qualifi\u00e9s de mini-Assembl\u00e9es des nations Unies en raison des nombreuses nationalit\u00e9s repr\u00e9sent\u00e9es\u00a0sur le terrain.<\/p>\n<p>Marcel Desailly, Champion du Monde et d\u2019Europe de football, joueur de l\u2019OM, du Milan AC et de Chelsea qui avait particip\u00e9 \u00e0 la pr\u00e9sentation de notre \u00e9tude \u00ab\u00a0Sport et Nationalit\u00e9s\u00a0: le sport peut-il se passer de joueurs \u00e9trangers\u00a0\u00bb\u00a0 d\u00e9clarait\u00a0 publiquement: \u00ab\u00a0l\u2019\u00e9quipe de France, championne d\u2019Europe 2000, deux ans apr\u00e8s son titre mondial, l\u2019\u00e9quipe de France a fini l\u2019ann\u00e9e en beaut\u00e9. L\u2019exp\u00e9rience que nous avons acquise dans les clubs \u00e9trangers nous a \u00e9t\u00e9 pr\u00e9cieuse. Car c\u2019est en ayant jou\u00e9 avec les meilleurs en Angleterre, en Italie, en Espagne, en Allemagne que nous sommes devenus les meilleurs car nous avons \u00e9t\u00e9 au contact de grands joueurs dans ces clubs \u00e0 l\u2019\u00e9tranger\u00a0\u00bb. \u00a0<\/p>\n<p>Pascal Boniface, directeur de l\u2019IRIS (Institut de Relations Internationales et Strat\u00e9giques) avait accueilli L\u00e9gisport pour la pr\u00e9sentation du colloque \u00ab\u00a0Sport et Nationalit\u00e9s\u00a0\u00bb s\u2019exprimait en ces termes\u00a0: \u00ab\u00a0d\u00e9sormais, la circulation se fait \u00e0 l\u2019\u00e9chelle europ\u00e9enne, symbole de la cr\u00e9ation d\u2019un march\u00e9 unique europ\u00e9en du football mais \u00e9galement symbole d\u2019un espace europ\u00e9en qui, \u00e0 bien des \u00e9gards, a remplac\u00e9 le cadre national. D\u00e9sormais, le temps est r\u00e9volu o\u00f9 les joueurs \u00e9trangers\u00a0 dans les championnats europ\u00e9ens se sont compt\u00e9s sur les doigts de la main. C\u2019est l\u2019image d\u2019un monde et d\u2019une Europe de plus en plus brass\u00e9e o\u00f9 la mobilit\u00e9 personnelle et professionnelle se d\u00e9veloppe sans cesse\u00a0\u00bb.<\/p>\n<p><strong>Contact : legisport@wanadoo.fr<\/strong><\/p>\n<p><img loading=\"lazy\" decoding=\"async\" class=\"alignnone size-full wp-image-559\" src=\"https:\/\/legisport.com\/wp-content\/uploads\/2018\/01\/droitdusportlegisport2.jpg\" alt=\"\" width=\"1509\" height=\"1441\" srcset=\"https:\/\/legisport.com\/wp-content\/uploads\/2018\/01\/droitdusportlegisport2.jpg 1509w, https:\/\/legisport.com\/wp-content\/uploads\/2018\/01\/droitdusportlegisport2-300x286.jpg 300w, https:\/\/legisport.com\/wp-content\/uploads\/2018\/01\/droitdusportlegisport2-768x733.jpg 768w, https:\/\/legisport.com\/wp-content\/uploads\/2018\/01\/droitdusportlegisport2-1024x978.jpg 1024w\" sizes=\"auto, (max-width: 1509px) 100vw, 1509px\" \/><\/p>\n<p><strong>Ma\u00eetre Michel Pautot, auteur de l&rsquo;\u00e9tude LEGISPORT \u00ab\u00a0Sport et Nationalit\u00e9s\u00a0\u00bb<\/strong><\/p>\n\n\n<p><\/p>\n","protected":false},"excerpt":{"rendered":"<p>Avec LEGISPORT, Me Michel Pautot r\u00e9alise annuellement l&rsquo;\u00e9tude \u00ab\u00a0Sport et Nationalit\u00e9s\u00a0\u00bb depuis vingt ann\u00e9es. A l&rsquo;University of Stirling, Michel Pautot en train de pr\u00e9senter l&rsquo;\u00e9tude LEGISPORT \u00ab\u00a0Sport et Nationalit\u00e9s\u00a0\u00bb \u00a0 LEGISPORT en est \u00e0 sa 20\u00e8me \u00e9tude \u00a0 Me Michel Pautot est \u00e0 l&rsquo;origine de l&rsquo;arr\u00eat Malaja qui a boulevers\u00e9 le sport professionnel europ\u00e9en. \u00a0 [&hellip;]<\/p>\n","protected":false},"author":1,"featured_media":0,"parent":0,"menu_order":4,"comment_status":"closed","ping_status":"closed","template":"","meta":{"footnotes":""},"class_list":["post-12","page","type-page","status-publish","hentry","basic-color-border"],"yoast_head":"<!-- This site is optimized with the Yoast SEO plugin v17.4 - https:\/\/yoast.com\/wordpress\/plugins\/seo\/ -->\n<meta name=\"robots\" content=\"index, follow, max-snippet:-1, max-image-preview:large, max-video-preview:-1\" \/>\n<link rel=\"canonical\" href=\"https:\/\/legisport.com\/index.php\/sport-et-nationalites\/\" \/>\n<meta property=\"og:locale\" content=\"fr_FR\" \/>\n<meta property=\"og:type\" content=\"article\" \/>\n<meta property=\"og:title\" content=\"sport et nationalit\u00e9s - legisport\" \/>\n<meta property=\"og:description\" content=\"Avec LEGISPORT, Me Michel Pautot r\u00e9alise annuellement l&rsquo;\u00e9tude \u00ab\u00a0Sport et Nationalit\u00e9s\u00a0\u00bb depuis vingt ann\u00e9es. A l&rsquo;University of Stirling, Michel Pautot en train de pr\u00e9senter l&rsquo;\u00e9tude LEGISPORT \u00ab\u00a0Sport et Nationalit\u00e9s\u00a0\u00bb \u00a0 LEGISPORT en est \u00e0 sa 20\u00e8me \u00e9tude \u00a0 Me Michel Pautot est \u00e0 l&rsquo;origine de l&rsquo;arr\u00eat Malaja qui a boulevers\u00e9 le sport professionnel europ\u00e9en. \u00a0 [&hellip;]\" \/>\n<meta property=\"og:url\" content=\"https:\/\/legisport.com\/index.php\/sport-et-nationalites\/\" \/>\n<meta property=\"og:site_name\" content=\"legisport\" \/>\n<meta property=\"article:modified_time\" content=\"2022-10-04T16:45:40+00:00\" \/>\n<meta property=\"og:image\" content=\"http:\/\/legisport.com\/wp-content\/uploads\/2020\/12\/michelpautot.jpg\" \/>\n<meta name=\"twitter:card\" content=\"summary_large_image\" \/>\n<meta name=\"twitter:label1\" content=\"Dur\u00e9e de lecture est.\" \/>\n\t<meta name=\"twitter:data1\" content=\"5 minutes\" \/>\n<script type=\"application\/ld+json\" class=\"yoast-schema-graph\">{\"@context\":\"https:\/\/schema.org\",\"@graph\":[{\"@type\":\"WebSite\",\"@id\":\"https:\/\/legisport.com\/#website\",\"url\":\"https:\/\/legisport.com\/\",\"name\":\"legisport\",\"description\":\"1991 : fondation de LEGISPORT. 1996 : lancement du bulletin d&#039;informations juridiques sportives LEGISPORT. Tout sur le droit du sport.\",\"potentialAction\":[{\"@type\":\"SearchAction\",\"target\":{\"@type\":\"EntryPoint\",\"urlTemplate\":\"https:\/\/legisport.com\/?s={search_term_string}\"},\"query-input\":\"required name=search_term_string\"}],\"inLanguage\":\"fr-FR\"},{\"@type\":\"ImageObject\",\"@id\":\"https:\/\/legisport.com\/index.php\/sport-et-nationalites\/#primaryimage\",\"inLanguage\":\"fr-FR\",\"url\":\"http:\/\/legisport.com\/wp-content\/uploads\/2020\/12\/michelpautot.jpg\",\"contentUrl\":\"http:\/\/legisport.com\/wp-content\/uploads\/2020\/12\/michelpautot.jpg\"},{\"@type\":\"WebPage\",\"@id\":\"https:\/\/legisport.com\/index.php\/sport-et-nationalites\/#webpage\",\"url\":\"https:\/\/legisport.com\/index.php\/sport-et-nationalites\/\",\"name\":\"sport et nationalit\\u00e9s - legisport\",\"isPartOf\":{\"@id\":\"https:\/\/legisport.com\/#website\"},\"primaryImageOfPage\":{\"@id\":\"https:\/\/legisport.com\/index.php\/sport-et-nationalites\/#primaryimage\"},\"datePublished\":\"2015-12-10T18:05:30+00:00\",\"dateModified\":\"2022-10-04T16:45:40+00:00\",\"breadcrumb\":{\"@id\":\"https:\/\/legisport.com\/index.php\/sport-et-nationalites\/#breadcrumb\"},\"inLanguage\":\"fr-FR\",\"potentialAction\":[{\"@type\":\"ReadAction\",\"target\":[\"https:\/\/legisport.com\/index.php\/sport-et-nationalites\/\"]}]},{\"@type\":\"BreadcrumbList\",\"@id\":\"https:\/\/legisport.com\/index.php\/sport-et-nationalites\/#breadcrumb\",\"itemListElement\":[{\"@type\":\"ListItem\",\"position\":1,\"name\":\"Accueil\",\"item\":\"https:\/\/legisport.com\/\"},{\"@type\":\"ListItem\",\"position\":2,\"name\":\"sport et nationalit\\u00e9s\"}]}]}<\/script>\n<!-- \/ Yoast SEO plugin. -->","yoast_head_json":{"robots":{"index":"index","follow":"follow","max-snippet":"max-snippet:-1","max-image-preview":"max-image-preview:large","max-video-preview":"max-video-preview:-1"},"canonical":"https:\/\/legisport.com\/index.php\/sport-et-nationalites\/","og_locale":"fr_FR","og_type":"article","og_title":"sport et nationalit\u00e9s - legisport","og_description":"Avec LEGISPORT, Me Michel Pautot r\u00e9alise annuellement l&rsquo;\u00e9tude \u00ab\u00a0Sport et Nationalit\u00e9s\u00a0\u00bb depuis vingt ann\u00e9es. A l&rsquo;University of Stirling, Michel Pautot en train de pr\u00e9senter l&rsquo;\u00e9tude LEGISPORT \u00ab\u00a0Sport et Nationalit\u00e9s\u00a0\u00bb \u00a0 LEGISPORT en est \u00e0 sa 20\u00e8me \u00e9tude \u00a0 Me Michel Pautot est \u00e0 l&rsquo;origine de l&rsquo;arr\u00eat Malaja qui a boulevers\u00e9 le sport professionnel europ\u00e9en. \u00a0 [&hellip;]","og_url":"https:\/\/legisport.com\/index.php\/sport-et-nationalites\/","og_site_name":"legisport","article_modified_time":"2022-10-04T16:45:40+00:00","og_image":[{"url":"http:\/\/legisport.com\/wp-content\/uploads\/2020\/12\/michelpautot.jpg"}],"twitter_card":"summary_large_image","twitter_misc":{"Dur\u00e9e de lecture est.":"5 minutes"},"schema":{"@context":"https:\/\/schema.org","@graph":[{"@type":"WebSite","@id":"https:\/\/legisport.com\/#website","url":"https:\/\/legisport.com\/","name":"legisport","description":"1991 : fondation de LEGISPORT. 1996 : lancement du bulletin d&#039;informations juridiques sportives LEGISPORT. Tout sur le droit du sport.","potentialAction":[{"@type":"SearchAction","target":{"@type":"EntryPoint","urlTemplate":"https:\/\/legisport.com\/?s={search_term_string}"},"query-input":"required name=search_term_string"}],"inLanguage":"fr-FR"},{"@type":"ImageObject","@id":"https:\/\/legisport.com\/index.php\/sport-et-nationalites\/#primaryimage","inLanguage":"fr-FR","url":"http:\/\/legisport.com\/wp-content\/uploads\/2020\/12\/michelpautot.jpg","contentUrl":"http:\/\/legisport.com\/wp-content\/uploads\/2020\/12\/michelpautot.jpg"},{"@type":"WebPage","@id":"https:\/\/legisport.com\/index.php\/sport-et-nationalites\/#webpage","url":"https:\/\/legisport.com\/index.php\/sport-et-nationalites\/","name":"sport et nationalit\u00e9s - legisport","isPartOf":{"@id":"https:\/\/legisport.com\/#website"},"primaryImageOfPage":{"@id":"https:\/\/legisport.com\/index.php\/sport-et-nationalites\/#primaryimage"},"datePublished":"2015-12-10T18:05:30+00:00","dateModified":"2022-10-04T16:45:40+00:00","breadcrumb":{"@id":"https:\/\/legisport.com\/index.php\/sport-et-nationalites\/#breadcrumb"},"inLanguage":"fr-FR","potentialAction":[{"@type":"ReadAction","target":["https:\/\/legisport.com\/index.php\/sport-et-nationalites\/"]}]},{"@type":"BreadcrumbList","@id":"https:\/\/legisport.com\/index.php\/sport-et-nationalites\/#breadcrumb","itemListElement":[{"@type":"ListItem","position":1,"name":"Accueil","item":"https:\/\/legisport.com\/"},{"@type":"ListItem","position":2,"name":"sport et nationalit\u00e9s"}]}]}},"_links":{"self":[{"href":"https:\/\/legisport.com\/index.php\/wp-json\/wp\/v2\/pages\/12","targetHints":{"allow":["GET"]}}],"collection":[{"href":"https:\/\/legisport.com\/index.php\/wp-json\/wp\/v2\/pages"}],"about":[{"href":"https:\/\/legisport.com\/index.php\/wp-json\/wp\/v2\/types\/page"}],"author":[{"embeddable":true,"href":"https:\/\/legisport.com\/index.php\/wp-json\/wp\/v2\/users\/1"}],"replies":[{"embeddable":true,"href":"https:\/\/legisport.com\/index.php\/wp-json\/wp\/v2\/comments?post=12"}],"version-history":[{"count":27,"href":"https:\/\/legisport.com\/index.php\/wp-json\/wp\/v2\/pages\/12\/revisions"}],"predecessor-version":[{"id":2651,"href":"https:\/\/legisport.com\/index.php\/wp-json\/wp\/v2\/pages\/12\/revisions\/2651"}],"wp:attachment":[{"href":"https:\/\/legisport.com\/index.php\/wp-json\/wp\/v2\/media?parent=12"}],"curies":[{"name":"wp","href":"https:\/\/api.w.org\/{rel}","templated":true}]}}